{"id":25074,"date":"2022-08-31T15:27:39","date_gmt":"2022-08-31T15:27:39","guid":{"rendered":"https:\/\/www.stmarysschoolpr.info\/?page_id=25074"},"modified":"2022-10-14T14:35:58","modified_gmt":"2022-10-14T14:35:58","slug":"contacto","status":"publish","type":"page","link":"https:\/\/www.stmarysschoolpr.com\/en\/contacto\/","title":{"rendered":"Contact"},"content":{"rendered":"<div data-elementor-type=\"wp-page\" data-elementor-id=\"25074\" class=\"elementor elementor-25074\" data-elementor-post-type=\"page\">\n\t\t\t\t\t\t<section class=\"elementor-section elementor-top-section elementor-element elementor-element-f832572 elementor-section-height-min-height elementor-section-boxed elementor-section-height-default elementor-section-items-middle\" data-id=\"f832572\" data-element_type=\"section\" data-e-type=\"section\" data-settings=\"{&quot;background_background&quot;:&quot;classic&quot;}\">\n\t\t\t\t\t\t<div class=\"elementor-container elementor-column-gap-default\">\n\t\t\t\t\t<div class=\"elementor-column elementor-col-100 elementor-top-column elementor-element elementor-element-a504626\" data-id=\"a504626\" data-element_type=\"column\" data-e-type=\"column\" data-settings=\"{&quot;background_background&quot;:&quot;classic&quot;}\">\n\t\t\t<div class=\"elementor-widget-wrap\">\n\t\t\t\t\t\t\t<\/div>\n\t\t<\/div>\n\t\t\t\t\t<\/div>\n\t\t<\/section>\n\t\t\t\t<section class=\"elementor-section elementor-top-section elementor-element elementor-element-202209a elementor-section-boxed elementor-section-height-default elementor-section-height-default\" data-id=\"202209a\" data-element_type=\"section\" data-e-type=\"section\">\n\t\t\t\t\t\t<div class=\"elementor-container elementor-column-gap-no\">\n\t\t\t\t\t<div class=\"elementor-column elementor-col-50 elementor-top-column elementor-element elementor-element-9a99460 animated-fast elementor-invisible\" data-id=\"9a99460\" data-element_type=\"column\" data-e-type=\"column\" data-settings=\"{&quot;background_background&quot;:&quot;classic&quot;,&quot;animation&quot;:&quot;fadeIn&quot;,&quot;animation_tablet&quot;:&quot;none&quot;,&quot;animation_mobile&quot;:&quot;none&quot;,&quot;animation_delay&quot;:200}\">\n\t\t\t<div class=\"elementor-widget-wrap elementor-element-populated\">\n\t\t\t\t\t\t\t<\/div>\n\t\t<\/div>\n\t\t\t\t<div class=\"elementor-column elementor-col-50 elementor-top-column elementor-element elementor-element-f4a2f99 elementor-hidden-desktop elementor-hidden-tablet elementor-hidden-phone\" data-id=\"f4a2f99\" data-element_type=\"column\" data-e-type=\"column\">\n\t\t\t<div class=\"elementor-widget-wrap\">\n\t\t\t\t\t\t\t<\/div>\n\t\t<\/div>\n\t\t\t\t\t<\/div>\n\t\t<\/section>\n\t\t\t\t<section class=\"elementor-section elementor-top-section elementor-element elementor-element-4d40593 elementor-section-content-middle elementor-section-boxed elementor-section-height-default elementor-section-height-default\" data-id=\"4d40593\" data-element_type=\"section\" data-e-type=\"section\">\n\t\t\t\t\t\t<div class=\"elementor-container elementor-column-gap-default\">\n\t\t\t\t\t<div class=\"elementor-column elementor-col-50 elementor-top-column elementor-element elementor-element-7260f9c\" data-id=\"7260f9c\" data-element_type=\"column\" data-e-type=\"column\" data-settings=\"{&quot;background_background&quot;:&quot;classic&quot;}\">\n\t\t\t<div class=\"elementor-widget-wrap elementor-element-populated\">\n\t\t\t\t\t\t<div class=\"elementor-element elementor-element-f69a1c8 elementor-icon-list--layout-traditional elementor-list-item-link-full_width elementor-widget elementor-widget-icon-list\" data-id=\"f69a1c8\" data-element_type=\"widget\" data-e-type=\"widget\" data-widget_type=\"icon-list.default\">\n\t\t\t\t<div class=\"elementor-widget-container\">\n\t\t\t\t\t\t\t<ul class=\"elementor-icon-list-items\">\n\t\t\t\t\t\t\t<li class=\"elementor-icon-list-item\">\n\t\t\t\t\t\t\t\t\t\t<span class=\"elementor-icon-list-text\">Central Administration<\/span>\n\t\t\t\t\t\t\t\t\t<\/li>\n\t\t\t\t\t\t\t\t<li class=\"elementor-icon-list-item\">\n\t\t\t\t\t\t\t\t\t\t\t<span class=\"elementor-icon-list-icon\">\n\t\t\t\t\t\t\t<i aria-hidden=\"true\" class=\"fas fa-phone-alt\"><\/i>\t\t\t\t\t\t<\/span>\n\t\t\t\t\t\t\t\t\t\t<span class=\"elementor-icon-list-text\">(787) 755-3122<\/span>\n\t\t\t\t\t\t\t\t\t<\/li>\n\t\t\t\t\t\t<\/ul>\n\t\t\t\t\t\t<\/div>\n\t\t\t\t<\/div>\n\t\t\t\t<div class=\"elementor-element elementor-element-59ab268 elementor-icon-list--layout-traditional elementor-list-item-link-full_width elementor-widget elementor-widget-icon-list\" data-id=\"59ab268\" data-element_type=\"widget\" data-e-type=\"widget\" data-widget_type=\"icon-list.default\">\n\t\t\t\t<div class=\"elementor-widget-container\">\n\t\t\t\t\t\t\t<ul class=\"elementor-icon-list-items\">\n\t\t\t\t\t\t\t<li class=\"elementor-icon-list-item\">\n\t\t\t\t\t\t\t\t\t\t<span class=\"elementor-icon-list-text\">Pre-school<\/span>\n\t\t\t\t\t\t\t\t\t<\/li>\n\t\t\t\t\t\t\t\t<li class=\"elementor-icon-list-item\">\n\t\t\t\t\t\t\t\t\t\t\t<span class=\"elementor-icon-list-icon\">\n\t\t\t\t\t\t\t<i aria-hidden=\"true\" class=\"fas fa-phone-alt\"><\/i>\t\t\t\t\t\t<\/span>\n\t\t\t\t\t\t\t\t\t\t<span class=\"elementor-icon-list-text\">(787) 748-9303<\/span>\n\t\t\t\t\t\t\t\t\t<\/li>\n\t\t\t\t\t\t<\/ul>\n\t\t\t\t\t\t<\/div>\n\t\t\t\t<\/div>\n\t\t\t\t<div class=\"elementor-element elementor-element-dba5967 elementor-icon-list--layout-traditional elementor-list-item-link-full_width elementor-widget elementor-widget-icon-list\" data-id=\"dba5967\" data-element_type=\"widget\" data-e-type=\"widget\" data-widget_type=\"icon-list.default\">\n\t\t\t\t<div class=\"elementor-widget-container\">\n\t\t\t\t\t\t\t<ul class=\"elementor-icon-list-items\">\n\t\t\t\t\t\t\t<li class=\"elementor-icon-list-item\">\n\t\t\t\t\t\t\t\t\t\t\t<a href=\"http:\/\/mailtoinfo@sms87.com\">\n\n\t\t\t\t\t\t\t\t\t\t\t\t<span class=\"elementor-icon-list-icon\">\n\t\t\t\t\t\t\t<i aria-hidden=\"true\" class=\"fas fa-fax\"><\/i>\t\t\t\t\t\t<\/span>\n\t\t\t\t\t\t\t\t\t\t<span class=\"elementor-icon-list-text\">Fax: (787) 283-1170<\/span>\n\t\t\t\t\t\t\t\t\t\t\t<\/a>\n\t\t\t\t\t\t\t\t\t<\/li>\n\t\t\t\t\t\t<\/ul>\n\t\t\t\t\t\t<\/div>\n\t\t\t\t<\/div>\n\t\t\t\t<div class=\"elementor-element elementor-element-fb9effb elementor-icon-list--layout-traditional elementor-list-item-link-full_width elementor-widget elementor-widget-icon-list\" data-id=\"fb9effb\" data-element_type=\"widget\" data-e-type=\"widget\" data-widget_type=\"icon-list.default\">\n\t\t\t\t<div class=\"elementor-widget-container\">\n\t\t\t\t\t\t\t<ul class=\"elementor-icon-list-items\">\n\t\t\t\t\t\t\t<li class=\"elementor-icon-list-item\">\n\t\t\t\t\t\t\t\t\t\t\t<a href=\"mailto:info@sms87.com\">\n\n\t\t\t\t\t\t\t\t\t\t\t\t<span class=\"elementor-icon-list-icon\">\n\t\t\t\t\t\t\t<i aria-hidden=\"true\" class=\"far fa-envelope\"><\/i>\t\t\t\t\t\t<\/span>\n\t\t\t\t\t\t\t\t\t\t<span class=\"elementor-icon-list-text\">info@sms87.com<\/span>\n\t\t\t\t\t\t\t\t\t\t\t<\/a>\n\t\t\t\t\t\t\t\t\t<\/li>\n\t\t\t\t\t\t<\/ul>\n\t\t\t\t\t\t<\/div>\n\t\t\t\t<\/div>\n\t\t\t\t<div class=\"elementor-element elementor-element-3a1dcbc elementor-widget elementor-widget-text-editor\" data-id=\"3a1dcbc\" data-element_type=\"widget\" data-e-type=\"widget\" data-widget_type=\"text-editor.default\">\n\t\t\t\t<div class=\"elementor-widget-container\">\n\t\t\t\t\t\t\t\t\t<p><strong>PRESCHOOL ADDRESS<br \/><\/strong>Carretera Estatal 176<br \/>Km 2.2 Bo, Cupey<br \/>R\u00edo Piedras<\/p>\t\t\t\t\t\t\t\t<\/div>\n\t\t\t\t<\/div>\n\t\t\t\t<div class=\"elementor-element elementor-element-fa302e3 elementor-widget elementor-widget-text-editor\" data-id=\"fa302e3\" data-element_type=\"widget\" data-e-type=\"widget\" data-widget_type=\"text-editor.default\">\n\t\t\t\t<div class=\"elementor-widget-container\">\n\t\t\t\t\t\t\t\t\t<p><strong>ADDRESS<br \/><\/strong>Urb. Sagrado Coraz\u00f3n<br \/>Calle San Javier L-4<br \/>San Juan, <br \/>PR 00926<\/p>\t\t\t\t\t\t\t\t<\/div>\n\t\t\t\t<\/div>\n\t\t\t\t\t<\/div>\n\t\t<\/div>\n\t\t\t\t<div class=\"elementor-column elementor-col-50 elementor-top-column elementor-element elementor-element-647ea6b\" data-id=\"647ea6b\" data-element_type=\"column\" data-e-type=\"column\" data-settings=\"{&quot;background_background&quot;:&quot;classic&quot;}\">\n\t\t\t<div class=\"elementor-widget-wrap elementor-element-populated\">\n\t\t\t\t\t\t<div class=\"elementor-element elementor-element-caa0cef elementor-widget elementor-widget-google_maps\" data-id=\"caa0cef\" data-element_type=\"widget\" data-e-type=\"widget\" data-settings=\"{&quot;_animation&quot;:&quot;none&quot;,&quot;_animation_tablet&quot;:&quot;none&quot;}\" data-widget_type=\"google_maps.default\">\n\t\t\t\t<div class=\"elementor-widget-container\">\n\t\t\t\t\t\t\t<div class=\"elementor-custom-embed\">\n\t\t\t<iframe loading=\"lazy\" src=\"https:\/\/maps.google.com\/maps?q=st.%20Marys%20School%2C%20San%20Juan&#038;t=m&#038;z=11&#038;output=embed&#038;iwloc=near\"\n\t\t\t\t\ttitle=\"st. Marys School, San Juan\"\n\t\t\t\t\taria-label=\"st. Marys School, San Juan\"\n\t\t\t><\/iframe>\n\t\t<\/div>\n\t\t\t\t\t\t<\/div>\n\t\t\t\t<\/div>\n\t\t\t\t\t<\/div>\n\t\t<\/div>\n\t\t\t\t\t<\/div>\n\t\t<\/section>\n\t\t\t\t<\/div>","protected":false},"excerpt":{"rendered":"<p>Administraci\u00f3n Central (787) 755-3122 Pre-escolar (787) 748-9303 Fax: (787) 2831170 info@sms87.com DIRECCI\u00d3N PRE-ESCOLARCarretera Estatal 176Km 2.2 Bo, CupeyR\u00edo Piedras DIRECCI\u00d3NUrb. Sagrado Coraz\u00f3nCalle San Javier L-4San Juan, PR 00926<\/p>","protected":false},"author":1,"featured_media":0,"parent":0,"menu_order":0,"comment_status":"closed","ping_status":"closed","template":"","meta":{"footnotes":""},"class_list":["post-25074","page","type-page","status-publish","hentry"],"yoast_head":"<!-- This site is optimized with the Yoast SEO plugin v26.9 - https:\/\/yoast.com\/product\/yoast-seo-wordpress\/ -->\n<title>St. Mary&#039;s School | Contacto<\/title>\n<meta name=\"description\" content=\"Administraci\u00f3n Central 787 755 3122 Pre-escolar 787 748-9303 info@sms87.com | 176Km 2.2 Bo, SJ | Calle San Javier L-4, San Juan\" \/>\n<meta name=\"robots\" content=\"index, follow, max-snippet:-1, max-image-preview:large, max-video-preview:-1\" \/>\n<link rel=\"canonical\" href=\"https:\/\/www.stmarysschoolpr.com\/en\/contacto\/\" \/>\n<meta property=\"og:locale\" content=\"en_US\" \/>\n<meta property=\"og:type\" content=\"article\" \/>\n<meta property=\"og:title\" content=\"St. Mary&#039;s School | Contacto\" \/>\n<meta property=\"og:description\" content=\"Administraci\u00f3n Central 787 755 3122 Pre-escolar 787 748-9303 info@sms87.com | 176Km 2.2 Bo, SJ | Calle San Javier L-4, San Juan\" \/>\n<meta property=\"og:url\" content=\"https:\/\/www.stmarysschoolpr.com\/en\/contacto\/\" \/>\n<meta property=\"og:site_name\" content=\"St. Mary&#039;s School\" \/>\n<meta property=\"article:publisher\" content=\"https:\/\/www.facebook.com\/stmarysschoolpr\" \/>\n<meta property=\"article:modified_time\" content=\"2022-10-14T14:35:58+00:00\" \/>\n<meta name=\"twitter:card\" content=\"summary_large_image\" \/>\n<meta name=\"twitter:label1\" content=\"Est. reading time\" \/>\n\t<meta name=\"twitter:data1\" content=\"1 minute\" \/>\n<script type=\"application\/ld+json\" class=\"yoast-schema-graph\">{\"@context\":\"https:\/\/schema.org\",\"@graph\":[{\"@type\":\"WebPage\",\"@id\":\"https:\/\/www.stmarysschoolpr.com\/contacto\/\",\"url\":\"https:\/\/www.stmarysschoolpr.com\/contacto\/\",\"name\":\"St. Mary's School | Contacto\",\"isPartOf\":{\"@id\":\"https:\/\/www.stmarysschoolpr.com\/#website\"},\"datePublished\":\"2022-08-31T15:27:39+00:00\",\"dateModified\":\"2022-10-14T14:35:58+00:00\",\"description\":\"Administraci\u00f3n Central 787 755 3122 Pre-escolar 787 748-9303 info@sms87.com | 176Km 2.2 Bo, SJ | Calle San Javier L-4, San Juan\",\"breadcrumb\":{\"@id\":\"https:\/\/www.stmarysschoolpr.com\/contacto\/#breadcrumb\"},\"inLanguage\":\"en-US\",\"potentialAction\":[{\"@type\":\"ReadAction\",\"target\":[\"https:\/\/www.stmarysschoolpr.com\/contacto\/\"]}]},{\"@type\":\"BreadcrumbList\",\"@id\":\"https:\/\/www.stmarysschoolpr.com\/contacto\/#breadcrumb\",\"itemListElement\":[{\"@type\":\"ListItem\",\"position\":1,\"name\":\"Home\",\"item\":\"https:\/\/www.stmarysschoolpr.com\/\"},{\"@type\":\"ListItem\",\"position\":2,\"name\":\"Contacto\"}]},{\"@type\":\"WebSite\",\"@id\":\"https:\/\/www.stmarysschoolpr.com\/#website\",\"url\":\"https:\/\/www.stmarysschoolpr.com\/\",\"name\":\"stmarysschoolpr.com\",\"description\":\"35 a&ntilde;os de compromiso con la excelencia acad&eacute;mica\",\"publisher\":{\"@id\":\"https:\/\/www.stmarysschoolpr.com\/#organization\"},\"potentialAction\":[{\"@type\":\"SearchAction\",\"target\":{\"@type\":\"EntryPoint\",\"urlTemplate\":\"https:\/\/www.stmarysschoolpr.com\/?s={search_term_string}\"},\"query-input\":{\"@type\":\"PropertyValueSpecification\",\"valueRequired\":true,\"valueName\":\"search_term_string\"}}],\"inLanguage\":\"en-US\"},{\"@type\":\"Organization\",\"@id\":\"https:\/\/www.stmarysschoolpr.com\/#organization\",\"name\":\"St. Mary's School\",\"url\":\"https:\/\/www.stmarysschoolpr.com\/\",\"logo\":{\"@type\":\"ImageObject\",\"inLanguage\":\"en-US\",\"@id\":\"https:\/\/www.stmarysschoolpr.com\/#\/schema\/logo\/image\/\",\"url\":\"https:\/\/www.stmarysschoolpr.com\/wp-content\/uploads\/2025\/02\/sms-logo-350x100-1-1.png\",\"contentUrl\":\"https:\/\/www.stmarysschoolpr.com\/wp-content\/uploads\/2025\/02\/sms-logo-350x100-1-1.png\",\"width\":350,\"height\":100,\"caption\":\"St. Mary's School\"},\"image\":{\"@id\":\"https:\/\/www.stmarysschoolpr.com\/#\/schema\/logo\/image\/\"},\"sameAs\":[\"https:\/\/www.facebook.com\/stmarysschoolpr\"]}]}<\/script>\n<!-- \/ Yoast SEO plugin. -->","yoast_head_json":{"title":"St. Mary's School | Contacto","description":"Administraci\u00f3n Central 787 755 3122 Pre-escolar 787 748-9303 info@sms87.com | 176Km 2.2 Bo, SJ | Calle San Javier L-4, San Juan","robots":{"index":"index","follow":"follow","max-snippet":"max-snippet:-1","max-image-preview":"max-image-preview:large","max-video-preview":"max-video-preview:-1"},"canonical":"https:\/\/www.stmarysschoolpr.com\/en\/contacto\/","og_locale":"en_US","og_type":"article","og_title":"St. Mary's School | Contacto","og_description":"Administraci\u00f3n Central 787 755 3122 Pre-escolar 787 748-9303 info@sms87.com | 176Km 2.2 Bo, SJ | Calle San Javier L-4, San Juan","og_url":"https:\/\/www.stmarysschoolpr.com\/en\/contacto\/","og_site_name":"St. Mary's School","article_publisher":"https:\/\/www.facebook.com\/stmarysschoolpr","article_modified_time":"2022-10-14T14:35:58+00:00","twitter_card":"summary_large_image","twitter_misc":{"Est. reading time":"1 minute"},"schema":{"@context":"https:\/\/schema.org","@graph":[{"@type":"WebPage","@id":"https:\/\/www.stmarysschoolpr.com\/contacto\/","url":"https:\/\/www.stmarysschoolpr.com\/contacto\/","name":"St. Mary's School | Contacto","isPartOf":{"@id":"https:\/\/www.stmarysschoolpr.com\/#website"},"datePublished":"2022-08-31T15:27:39+00:00","dateModified":"2022-10-14T14:35:58+00:00","description":"Administraci\u00f3n Central 787 755 3122 Pre-escolar 787 748-9303 info@sms87.com | 176Km 2.2 Bo, SJ | Calle San Javier L-4, San Juan","breadcrumb":{"@id":"https:\/\/www.stmarysschoolpr.com\/contacto\/#breadcrumb"},"inLanguage":"en-US","potentialAction":[{"@type":"ReadAction","target":["https:\/\/www.stmarysschoolpr.com\/contacto\/"]}]},{"@type":"BreadcrumbList","@id":"https:\/\/www.stmarysschoolpr.com\/contacto\/#breadcrumb","itemListElement":[{"@type":"ListItem","position":1,"name":"Home","item":"https:\/\/www.stmarysschoolpr.com\/"},{"@type":"ListItem","position":2,"name":"Contacto"}]},{"@type":"WebSite","@id":"https:\/\/www.stmarysschoolpr.com\/#website","url":"https:\/\/www.stmarysschoolpr.com\/","name":"stmarysschoolpr.com","description":"35 a&ntilde;os de compromiso con la excelencia acad&eacute;mica","publisher":{"@id":"https:\/\/www.stmarysschoolpr.com\/#organization"},"potentialAction":[{"@type":"SearchAction","target":{"@type":"EntryPoint","urlTemplate":"https:\/\/www.stmarysschoolpr.com\/?s={search_term_string}"},"query-input":{"@type":"PropertyValueSpecification","valueRequired":true,"valueName":"search_term_string"}}],"inLanguage":"en-US"},{"@type":"Organization","@id":"https:\/\/www.stmarysschoolpr.com\/#organization","name":"St. Mary's School","url":"https:\/\/www.stmarysschoolpr.com\/","logo":{"@type":"ImageObject","inLanguage":"en-US","@id":"https:\/\/www.stmarysschoolpr.com\/#\/schema\/logo\/image\/","url":"https:\/\/www.stmarysschoolpr.com\/wp-content\/uploads\/2025\/02\/sms-logo-350x100-1-1.png","contentUrl":"https:\/\/www.stmarysschoolpr.com\/wp-content\/uploads\/2025\/02\/sms-logo-350x100-1-1.png","width":350,"height":100,"caption":"St. Mary's School"},"image":{"@id":"https:\/\/www.stmarysschoolpr.com\/#\/schema\/logo\/image\/"},"sameAs":["https:\/\/www.facebook.com\/stmarysschoolpr"]}]}},"_links":{"self":[{"href":"https:\/\/www.stmarysschoolpr.com\/en\/wp-json\/wp\/v2\/pages\/25074","targetHints":{"allow":["GET"]}}],"collection":[{"href":"https:\/\/www.stmarysschoolpr.com\/en\/wp-json\/wp\/v2\/pages"}],"about":[{"href":"https:\/\/www.stmarysschoolpr.com\/en\/wp-json\/wp\/v2\/types\/page"}],"author":[{"embeddable":true,"href":"https:\/\/www.stmarysschoolpr.com\/en\/wp-json\/wp\/v2\/users\/1"}],"replies":[{"embeddable":true,"href":"https:\/\/www.stmarysschoolpr.com\/en\/wp-json\/wp\/v2\/comments?post=25074"}],"version-history":[{"count":39,"href":"https:\/\/www.stmarysschoolpr.com\/en\/wp-json\/wp\/v2\/pages\/25074\/revisions"}],"predecessor-version":[{"id":26402,"href":"https:\/\/www.stmarysschoolpr.com\/en\/wp-json\/wp\/v2\/pages\/25074\/revisions\/26402"}],"wp:attachment":[{"href":"https:\/\/www.stmarysschoolpr.com\/en\/wp-json\/wp\/v2\/media?parent=25074"}],"curies":[{"name":"wp","href":"https:\/\/api.w.org\/{rel}","templated":true}]}}