{"id":6293,"date":"2020-11-19T21:58:17","date_gmt":"2020-11-19T21:58:17","guid":{"rendered":"https:\/\/estudiar.vamtam.com\/?page_id=6293"},"modified":"2022-10-14T14:30:25","modified_gmt":"2022-10-14T14:30:25","slug":"noticias","status":"publish","type":"page","link":"https:\/\/www.stmarysschoolpr.com\/en\/noticias\/","title":{"rendered":"News"},"content":{"rendered":"<div data-elementor-type=\"wp-page\" data-elementor-id=\"6293\" class=\"elementor elementor-6293\" data-elementor-post-type=\"page\">\n\t\t\t\t\t\t<section class=\"elementor-section elementor-top-section elementor-element elementor-element-f552141 elementor-section-height-min-height elementor-section-boxed elementor-section-height-default elementor-section-items-middle\" data-id=\"f552141\" data-element_type=\"section\" data-e-type=\"section\" data-settings=\"{&quot;background_background&quot;:&quot;classic&quot;}\">\n\t\t\t\t\t\t<div class=\"elementor-container elementor-column-gap-default\">\n\t\t\t\t\t<div class=\"elementor-column elementor-col-100 elementor-top-column elementor-element elementor-element-92f6184\" data-id=\"92f6184\" data-element_type=\"column\" data-e-type=\"column\" data-settings=\"{&quot;background_background&quot;:&quot;classic&quot;}\">\n\t\t\t<div class=\"elementor-widget-wrap\">\n\t\t\t\t\t\t\t<\/div>\n\t\t<\/div>\n\t\t\t\t\t<\/div>\n\t\t<\/section>\n\t\t\t\t<section class=\"elementor-section elementor-top-section elementor-element elementor-element-fcc286b elementor-section-boxed elementor-section-height-default elementor-section-height-default\" data-id=\"fcc286b\" data-element_type=\"section\" data-e-type=\"section\">\n\t\t\t\t\t\t<div class=\"elementor-container elementor-column-gap-no\">\n\t\t\t\t\t<div class=\"elementor-column elementor-col-50 elementor-top-column elementor-element elementor-element-64c29a7 animated-fast elementor-invisible\" data-id=\"64c29a7\" data-element_type=\"column\" data-e-type=\"column\" data-settings=\"{&quot;background_background&quot;:&quot;classic&quot;,&quot;animation&quot;:&quot;fadeIn&quot;,&quot;animation_tablet&quot;:&quot;none&quot;,&quot;animation_mobile&quot;:&quot;none&quot;,&quot;animation_delay&quot;:200}\">\n\t\t\t<div class=\"elementor-widget-wrap elementor-element-populated\">\n\t\t\t\t\t\t\t<\/div>\n\t\t<\/div>\n\t\t\t\t<div class=\"elementor-column elementor-col-50 elementor-top-column elementor-element elementor-element-39a53b2 elementor-hidden-desktop elementor-hidden-tablet elementor-hidden-phone\" data-id=\"39a53b2\" data-element_type=\"column\" data-e-type=\"column\">\n\t\t\t<div class=\"elementor-widget-wrap\">\n\t\t\t\t\t\t\t<\/div>\n\t\t<\/div>\n\t\t\t\t\t<\/div>\n\t\t<\/section>\n\t\t\t\t<section class=\"elementor-section elementor-top-section elementor-element elementor-element-3aab7ea elementor-section-boxed elementor-section-height-default elementor-section-height-default\" data-id=\"3aab7ea\" data-element_type=\"section\" data-e-type=\"section\">\n\t\t\t\t\t\t<div class=\"elementor-container elementor-column-gap-no\">\n\t\t\t\t\t<div class=\"elementor-column elementor-col-100 elementor-top-column elementor-element elementor-element-65fe83e\" data-id=\"65fe83e\" data-element_type=\"column\" data-e-type=\"column\">\n\t\t\t<div class=\"elementor-widget-wrap elementor-element-populated\">\n\t\t\t\t\t\t<div class=\"elementor-element elementor-element-412e063 elementor-grid-3 elementor-grid-tablet-2 elementor-grid-mobile-1 elementor-posts--thumbnail-top elementor-card-shadow-yes elementor-posts__hover-gradient elementor-invisible elementor-widget elementor-widget-posts\" data-id=\"412e063\" data-element_type=\"widget\" data-e-type=\"widget\" data-settings=\"{&quot;_animation&quot;:&quot;fadeIn&quot;,&quot;_animation_tablet&quot;:&quot;none&quot;,&quot;_animation_mobile&quot;:&quot;none&quot;,&quot;_animation_delay&quot;:200,&quot;cards_columns&quot;:&quot;3&quot;,&quot;cards_columns_tablet&quot;:&quot;2&quot;,&quot;cards_columns_mobile&quot;:&quot;1&quot;,&quot;cards_row_gap&quot;:{&quot;unit&quot;:&quot;px&quot;,&quot;size&quot;:35,&quot;sizes&quot;:[]},&quot;cards_row_gap_tablet&quot;:{&quot;unit&quot;:&quot;px&quot;,&quot;size&quot;:&quot;&quot;,&quot;sizes&quot;:[]},&quot;cards_row_gap_mobile&quot;:{&quot;unit&quot;:&quot;px&quot;,&quot;size&quot;:&quot;&quot;,&quot;sizes&quot;:[]}}\" data-widget_type=\"posts.cards\">\n\t\t\t\t<div class=\"elementor-widget-container\">\n\t\t\t\t\t\t\t<div class=\"elementor-posts-container elementor-posts elementor-posts--skin-cards elementor-grid\" role=\"list\">\n\t\t\t\t<article class=\"elementor-post elementor-grid-item post-25334 post type-post status-publish format-standard has-post-thumbnail hentry category-uncategorized\" role=\"listitem\">\n\t\t\t<div class=\"elementor-post__card\">\n\t\t\t\t<a class=\"elementor-post__thumbnail__link\" href=\"https:\/\/www.stmarysschoolpr.com\/en\/elementor-25334\/\" tabindex=\"-1\" ><div class=\"elementor-post__thumbnail\"><img fetchpriority=\"high\" decoding=\"async\" width=\"300\" height=\"225\" src=\"https:\/\/www.stmarysschoolpr.com\/wp-content\/uploads\/2022\/09\/Campeones-de-Oratoria-St-Marys-5-300x225.jpg\" class=\"attachment-medium size-medium wp-image-25341\" alt=\"\" srcset=\"https:\/\/www.stmarysschoolpr.com\/wp-content\/uploads\/2022\/09\/Campeones-de-Oratoria-St-Marys-5-300x225.jpg 300w, https:\/\/www.stmarysschoolpr.com\/wp-content\/uploads\/2022\/09\/Campeones-de-Oratoria-St-Marys-5-420x315.jpg 420w, https:\/\/www.stmarysschoolpr.com\/wp-content\/uploads\/2022\/09\/Campeones-de-Oratoria-St-Marys-5-630x473.jpg 630w, https:\/\/www.stmarysschoolpr.com\/wp-content\/uploads\/2022\/09\/Campeones-de-Oratoria-St-Marys-5-1024x768.jpg 1024w, https:\/\/www.stmarysschoolpr.com\/wp-content\/uploads\/2022\/09\/Campeones-de-Oratoria-St-Marys-5-768x576.jpg 768w, https:\/\/www.stmarysschoolpr.com\/wp-content\/uploads\/2022\/09\/Campeones-de-Oratoria-St-Marys-5-1536x1152.jpg 1536w, https:\/\/www.stmarysschoolpr.com\/wp-content\/uploads\/2022\/09\/Campeones-de-Oratoria-St-Marys-5-16x12.jpg 16w, https:\/\/www.stmarysschoolpr.com\/wp-content\/uploads\/2022\/09\/Campeones-de-Oratoria-St-Marys-5-840x630.jpg 840w, https:\/\/www.stmarysschoolpr.com\/wp-content\/uploads\/2022\/09\/Campeones-de-Oratoria-St-Marys-5-1260x945.jpg 1260w, https:\/\/www.stmarysschoolpr.com\/wp-content\/uploads\/2022\/09\/Campeones-de-Oratoria-St-Marys-5.jpg 1600w\" sizes=\"(max-width: 300px) 100vw, 300px\" \/><\/div><\/a>\n\t\t\t\t<div class=\"elementor-post__text\">\n\t\t\t\t<h3 class=\"elementor-post__title\">\n\t\t\t<a href=\"https:\/\/www.stmarysschoolpr.com\/en\/elementor-25334\/\" >\n\t\t\t\tSpeech Champions for 5 consecutive years\t\t\t<\/a>\n\t\t<\/h3>\n\t\t\t\t<div class=\"elementor-post__excerpt\">\n\t\t\t<p>For the past 17 years, St. Mary's School has actively participated as one of the top schools in the Spanish Public Speaking League<\/p>\n\t\t<\/div>\n\t\t\n\t\t<a class=\"elementor-post__read-more\" href=\"https:\/\/www.stmarysschoolpr.com\/en\/elementor-25334\/\" aria-label=\"Read more about Campeones en Oratoria por 5 a\u00f1os consecutivos\" tabindex=\"-1\" >\n\t\t\tRead More \u00bb\t\t<\/a>\n\n\t\t\t\t<\/div>\n\t\t\t\t\t<\/div>\n\t\t<\/article>\n\t\t\t\t<article class=\"elementor-post elementor-grid-item post-25119 post type-post status-publish format-standard has-post-thumbnail hentry category-uncategorized\" role=\"listitem\">\n\t\t\t<div class=\"elementor-post__card\">\n\t\t\t\t<a class=\"elementor-post__thumbnail__link\" href=\"https:\/\/www.stmarysschoolpr.com\/en\/25119-2\/\" tabindex=\"-1\" ><div class=\"elementor-post__thumbnail\"><img decoding=\"async\" width=\"300\" height=\"186\" src=\"https:\/\/www.stmarysschoolpr.com\/wp-content\/uploads\/2022\/08\/SMS-logo-700x450-1-300x186.jpg\" class=\"attachment-medium size-medium wp-image-25151\" alt=\"\" srcset=\"https:\/\/www.stmarysschoolpr.com\/wp-content\/uploads\/2022\/08\/SMS-logo-700x450-1-300x186.jpg 300w, https:\/\/www.stmarysschoolpr.com\/wp-content\/uploads\/2022\/08\/SMS-logo-700x450-1-420x260.jpg 420w, https:\/\/www.stmarysschoolpr.com\/wp-content\/uploads\/2022\/08\/SMS-logo-700x450-1-630x391.jpg 630w, https:\/\/www.stmarysschoolpr.com\/wp-content\/uploads\/2022\/08\/SMS-logo-700x450-1-768x476.jpg 768w, https:\/\/www.stmarysschoolpr.com\/wp-content\/uploads\/2022\/08\/SMS-logo-700x450-1-18x12.jpg 18w, https:\/\/www.stmarysschoolpr.com\/wp-content\/uploads\/2022\/08\/SMS-logo-700x450-1-840x521.jpg 840w, https:\/\/www.stmarysschoolpr.com\/wp-content\/uploads\/2022\/08\/SMS-logo-700x450-1.jpg 900w\" sizes=\"(max-width: 300px) 100vw, 300px\" \/><\/div><\/a>\n\t\t\t\t<div class=\"elementor-post__text\">\n\t\t\t\t<h3 class=\"elementor-post__title\">\n\t\t\t<a href=\"https:\/\/www.stmarysschoolpr.com\/en\/25119-2\/\" >\n\t\t\t\t35 years of commitment to academic excellence\t\t\t<\/a>\n\t\t<\/h3>\n\t\t\t\t<div class=\"elementor-post__excerpt\">\n\t\t\t<p>It is with great joy and pride that our school community celebrates its first 35 years of life this year! In August 1987, the dream came true.<\/p>\n\t\t<\/div>\n\t\t\n\t\t<a class=\"elementor-post__read-more\" href=\"https:\/\/www.stmarysschoolpr.com\/en\/25119-2\/\" aria-label=\"Read more about 35 a\u00f1os de compromiso con la excelencia acad\u00e9mica\" tabindex=\"-1\" >\n\t\t\tRead More \u00bb\t\t<\/a>\n\n\t\t\t\t<\/div>\n\t\t\t\t\t<\/div>\n\t\t<\/article>\n\t\t\t\t<article class=\"elementor-post elementor-grid-item post-24817 post type-post status-publish format-standard has-post-thumbnail hentry category-uncategorized\" role=\"listitem\">\n\t\t\t<div class=\"elementor-post__card\">\n\t\t\t\t<a class=\"elementor-post__thumbnail__link\" href=\"https:\/\/www.stmarysschoolpr.com\/en\/programa-viajes-estudiantiles\/\" tabindex=\"-1\" ><div class=\"elementor-post__thumbnail\"><img decoding=\"async\" width=\"300\" height=\"225\" src=\"https:\/\/www.stmarysschoolpr.com\/wp-content\/uploads\/2022\/08\/unnamed-2-300x225.jpg\" class=\"attachment-medium size-medium wp-image-25164\" alt=\"\" srcset=\"https:\/\/www.stmarysschoolpr.com\/wp-content\/uploads\/2022\/08\/unnamed-2-300x225.jpg 300w, https:\/\/www.stmarysschoolpr.com\/wp-content\/uploads\/2022\/08\/unnamed-2-420x315.jpg 420w, https:\/\/www.stmarysschoolpr.com\/wp-content\/uploads\/2022\/08\/unnamed-2-630x473.jpg 630w, https:\/\/www.stmarysschoolpr.com\/wp-content\/uploads\/2022\/08\/unnamed-2-768x576.jpg 768w, https:\/\/www.stmarysschoolpr.com\/wp-content\/uploads\/2022\/08\/unnamed-2-16x12.jpg 16w, https:\/\/www.stmarysschoolpr.com\/wp-content\/uploads\/2022\/08\/unnamed-2-840x630.jpg 840w, https:\/\/www.stmarysschoolpr.com\/wp-content\/uploads\/2022\/08\/unnamed-2.jpg 960w\" sizes=\"(max-width: 300px) 100vw, 300px\" \/><\/div><\/a>\n\t\t\t\t<div class=\"elementor-post__text\">\n\t\t\t\t<h3 class=\"elementor-post__title\">\n\t\t\t<a href=\"https:\/\/www.stmarysschoolpr.com\/en\/programa-viajes-estudiantiles\/\" >\n\t\t\t\tSt. Mary's School Student Travel Program\t\t\t<\/a>\n\t\t<\/h3>\n\t\t\t\t<div class=\"elementor-post__excerpt\">\n\t\t\t<p>Dolphins around the world St. Mary's School has a Student Travel Program that seeks to offer its participants an educational, cultural and cultural experience<\/p>\n\t\t<\/div>\n\t\t\n\t\t<a class=\"elementor-post__read-more\" href=\"https:\/\/www.stmarysschoolpr.com\/en\/programa-viajes-estudiantiles\/\" aria-label=\"Read more about Programa de Viajes Estudiantiles de St. Mary\u2019s School\" tabindex=\"-1\" >\n\t\t\tRead More \u00bb\t\t<\/a>\n\n\t\t\t\t<\/div>\n\t\t\t\t\t<\/div>\n\t\t<\/article>\n\t\t\t\t<\/div>\n\t\t\n\t\t\t\t\t\t<\/div>\n\t\t\t\t<\/div>\n\t\t\t\t\t<\/div>\n\t\t<\/div>\n\t\t\t\t\t<\/div>\n\t\t<\/section>\n\t\t\t\t<\/div>","protected":false},"excerpt":{"rendered":"","protected":false},"author":1,"featured_media":0,"parent":0,"menu_order":0,"comment_status":"closed","ping_status":"closed","template":"","meta":{"footnotes":""},"class_list":["post-6293","page","type-page","status-publish","hentry"],"yoast_head":"<!-- This site is optimized with the Yoast SEO plugin v26.9 - https:\/\/yoast.com\/product\/yoast-seo-wordpress\/ -->\n<title>Noticias - St. Mary&#039;s School<\/title>\n<meta name=\"description\" content=\"Las noticias m\u00e1s relevantes y temas de importancia de St. Marys School puedes seguirlos en su pagina web tanto en ingl\u00e9s como en espa\u00f1ol\" \/>\n<meta name=\"robots\" content=\"index, follow, max-snippet:-1, max-image-preview:large, max-video-preview:-1\" \/>\n<link rel=\"canonical\" href=\"https:\/\/www.stmarysschoolpr.com\/en\/noticias\/\" \/>\n<meta property=\"og:locale\" content=\"en_US\" \/>\n<meta property=\"og:type\" content=\"article\" \/>\n<meta property=\"og:title\" content=\"Noticias - St. Mary&#039;s School\" \/>\n<meta property=\"og:description\" content=\"Las noticias m\u00e1s relevantes y temas de importancia de St. Marys School puedes seguirlos en su pagina web tanto en ingl\u00e9s como en espa\u00f1ol\" \/>\n<meta property=\"og:url\" content=\"https:\/\/www.stmarysschoolpr.com\/en\/noticias\/\" \/>\n<meta property=\"og:site_name\" content=\"St. Mary&#039;s School\" \/>\n<meta property=\"article:publisher\" content=\"https:\/\/www.facebook.com\/stmarysschoolpr\" \/>\n<meta property=\"article:modified_time\" content=\"2022-10-14T14:30:25+00:00\" \/>\n<meta name=\"twitter:card\" content=\"summary_large_image\" \/>\n<meta name=\"twitter:label1\" content=\"Est. reading time\" \/>\n\t<meta name=\"twitter:data1\" content=\"2 minutes\" \/>\n<script type=\"application\/ld+json\" class=\"yoast-schema-graph\">{\"@context\":\"https:\/\/schema.org\",\"@graph\":[{\"@type\":\"WebPage\",\"@id\":\"https:\/\/www.stmarysschoolpr.com\/noticias\/\",\"url\":\"https:\/\/www.stmarysschoolpr.com\/noticias\/\",\"name\":\"Noticias - St. Mary's School\",\"isPartOf\":{\"@id\":\"https:\/\/www.stmarysschoolpr.com\/#website\"},\"datePublished\":\"2020-11-19T21:58:17+00:00\",\"dateModified\":\"2022-10-14T14:30:25+00:00\",\"description\":\"Las noticias m\u00e1s relevantes y temas de importancia de St. Marys School puedes seguirlos en su pagina web tanto en ingl\u00e9s como en espa\u00f1ol\",\"breadcrumb\":{\"@id\":\"https:\/\/www.stmarysschoolpr.com\/noticias\/#breadcrumb\"},\"inLanguage\":\"en-US\",\"potentialAction\":[{\"@type\":\"ReadAction\",\"target\":[\"https:\/\/www.stmarysschoolpr.com\/noticias\/\"]}]},{\"@type\":\"BreadcrumbList\",\"@id\":\"https:\/\/www.stmarysschoolpr.com\/noticias\/#breadcrumb\",\"itemListElement\":[{\"@type\":\"ListItem\",\"position\":1,\"name\":\"Home\",\"item\":\"https:\/\/www.stmarysschoolpr.com\/\"},{\"@type\":\"ListItem\",\"position\":2,\"name\":\"Noticias\"}]},{\"@type\":\"WebSite\",\"@id\":\"https:\/\/www.stmarysschoolpr.com\/#website\",\"url\":\"https:\/\/www.stmarysschoolpr.com\/\",\"name\":\"stmarysschoolpr.com\",\"description\":\"35 a&ntilde;os de compromiso con la excelencia acad&eacute;mica\",\"publisher\":{\"@id\":\"https:\/\/www.stmarysschoolpr.com\/#organization\"},\"potentialAction\":[{\"@type\":\"SearchAction\",\"target\":{\"@type\":\"EntryPoint\",\"urlTemplate\":\"https:\/\/www.stmarysschoolpr.com\/?s={search_term_string}\"},\"query-input\":{\"@type\":\"PropertyValueSpecification\",\"valueRequired\":true,\"valueName\":\"search_term_string\"}}],\"inLanguage\":\"en-US\"},{\"@type\":\"Organization\",\"@id\":\"https:\/\/www.stmarysschoolpr.com\/#organization\",\"name\":\"St. Mary's School\",\"url\":\"https:\/\/www.stmarysschoolpr.com\/\",\"logo\":{\"@type\":\"ImageObject\",\"inLanguage\":\"en-US\",\"@id\":\"https:\/\/www.stmarysschoolpr.com\/#\/schema\/logo\/image\/\",\"url\":\"https:\/\/www.stmarysschoolpr.com\/wp-content\/uploads\/2025\/02\/sms-logo-350x100-1-1.png\",\"contentUrl\":\"https:\/\/www.stmarysschoolpr.com\/wp-content\/uploads\/2025\/02\/sms-logo-350x100-1-1.png\",\"width\":350,\"height\":100,\"caption\":\"St. Mary's School\"},\"image\":{\"@id\":\"https:\/\/www.stmarysschoolpr.com\/#\/schema\/logo\/image\/\"},\"sameAs\":[\"https:\/\/www.facebook.com\/stmarysschoolpr\"]}]}<\/script>\n<!-- \/ Yoast SEO plugin. -->","yoast_head_json":{"title":"Noticias - St. Mary's School","description":"Las noticias m\u00e1s relevantes y temas de importancia de St. Marys School puedes seguirlos en su pagina web tanto en ingl\u00e9s como en espa\u00f1ol","robots":{"index":"index","follow":"follow","max-snippet":"max-snippet:-1","max-image-preview":"max-image-preview:large","max-video-preview":"max-video-preview:-1"},"canonical":"https:\/\/www.stmarysschoolpr.com\/en\/noticias\/","og_locale":"en_US","og_type":"article","og_title":"Noticias - St. Mary's School","og_description":"Las noticias m\u00e1s relevantes y temas de importancia de St. Marys School puedes seguirlos en su pagina web tanto en ingl\u00e9s como en espa\u00f1ol","og_url":"https:\/\/www.stmarysschoolpr.com\/en\/noticias\/","og_site_name":"St. Mary's School","article_publisher":"https:\/\/www.facebook.com\/stmarysschoolpr","article_modified_time":"2022-10-14T14:30:25+00:00","twitter_card":"summary_large_image","twitter_misc":{"Est. reading time":"2 minutes"},"schema":{"@context":"https:\/\/schema.org","@graph":[{"@type":"WebPage","@id":"https:\/\/www.stmarysschoolpr.com\/noticias\/","url":"https:\/\/www.stmarysschoolpr.com\/noticias\/","name":"Noticias - St. Mary's School","isPartOf":{"@id":"https:\/\/www.stmarysschoolpr.com\/#website"},"datePublished":"2020-11-19T21:58:17+00:00","dateModified":"2022-10-14T14:30:25+00:00","description":"Las noticias m\u00e1s relevantes y temas de importancia de St. Marys School puedes seguirlos en su pagina web tanto en ingl\u00e9s como en espa\u00f1ol","breadcrumb":{"@id":"https:\/\/www.stmarysschoolpr.com\/noticias\/#breadcrumb"},"inLanguage":"en-US","potentialAction":[{"@type":"ReadAction","target":["https:\/\/www.stmarysschoolpr.com\/noticias\/"]}]},{"@type":"BreadcrumbList","@id":"https:\/\/www.stmarysschoolpr.com\/noticias\/#breadcrumb","itemListElement":[{"@type":"ListItem","position":1,"name":"Home","item":"https:\/\/www.stmarysschoolpr.com\/"},{"@type":"ListItem","position":2,"name":"Noticias"}]},{"@type":"WebSite","@id":"https:\/\/www.stmarysschoolpr.com\/#website","url":"https:\/\/www.stmarysschoolpr.com\/","name":"stmarysschoolpr.com","description":"35 a&ntilde;os de compromiso con la excelencia acad&eacute;mica","publisher":{"@id":"https:\/\/www.stmarysschoolpr.com\/#organization"},"potentialAction":[{"@type":"SearchAction","target":{"@type":"EntryPoint","urlTemplate":"https:\/\/www.stmarysschoolpr.com\/?s={search_term_string}"},"query-input":{"@type":"PropertyValueSpecification","valueRequired":true,"valueName":"search_term_string"}}],"inLanguage":"en-US"},{"@type":"Organization","@id":"https:\/\/www.stmarysschoolpr.com\/#organization","name":"St. Mary's School","url":"https:\/\/www.stmarysschoolpr.com\/","logo":{"@type":"ImageObject","inLanguage":"en-US","@id":"https:\/\/www.stmarysschoolpr.com\/#\/schema\/logo\/image\/","url":"https:\/\/www.stmarysschoolpr.com\/wp-content\/uploads\/2025\/02\/sms-logo-350x100-1-1.png","contentUrl":"https:\/\/www.stmarysschoolpr.com\/wp-content\/uploads\/2025\/02\/sms-logo-350x100-1-1.png","width":350,"height":100,"caption":"St. Mary's School"},"image":{"@id":"https:\/\/www.stmarysschoolpr.com\/#\/schema\/logo\/image\/"},"sameAs":["https:\/\/www.facebook.com\/stmarysschoolpr"]}]}},"_links":{"self":[{"href":"https:\/\/www.stmarysschoolpr.com\/en\/wp-json\/wp\/v2\/pages\/6293","targetHints":{"allow":["GET"]}}],"collection":[{"href":"https:\/\/www.stmarysschoolpr.com\/en\/wp-json\/wp\/v2\/pages"}],"about":[{"href":"https:\/\/www.stmarysschoolpr.com\/en\/wp-json\/wp\/v2\/types\/page"}],"author":[{"embeddable":true,"href":"https:\/\/www.stmarysschoolpr.com\/en\/wp-json\/wp\/v2\/users\/1"}],"replies":[{"embeddable":true,"href":"https:\/\/www.stmarysschoolpr.com\/en\/wp-json\/wp\/v2\/comments?post=6293"}],"version-history":[{"count":40,"href":"https:\/\/www.stmarysschoolpr.com\/en\/wp-json\/wp\/v2\/pages\/6293\/revisions"}],"predecessor-version":[{"id":26398,"href":"https:\/\/www.stmarysschoolpr.com\/en\/wp-json\/wp\/v2\/pages\/6293\/revisions\/26398"}],"wp:attachment":[{"href":"https:\/\/www.stmarysschoolpr.com\/en\/wp-json\/wp\/v2\/media?parent=6293"}],"curies":[{"name":"wp","href":"https:\/\/api.w.org\/{rel}","templated":true}]}}