{"id":6397,"date":"2020-11-21T09:54:07","date_gmt":"2020-11-21T09:54:07","guid":{"rendered":"https:\/\/estudiar.vamtam.com\/?page_id=6397"},"modified":"2026-02-06T19:25:48","modified_gmt":"2026-02-06T19:25:48","slug":"historia","status":"publish","type":"page","link":"https:\/\/www.stmarysschoolpr.com\/en\/historia\/","title":{"rendered":"History"},"content":{"rendered":"<div data-elementor-type=\"wp-page\" data-elementor-id=\"6397\" class=\"elementor elementor-6397\" data-elementor-post-type=\"page\">\n\t\t\t\t\t\t<section class=\"elementor-section elementor-top-section elementor-element elementor-element-2dcc6ef elementor-section-height-min-height elementor-section-boxed elementor-section-height-default elementor-section-items-middle\" data-id=\"2dcc6ef\" data-element_type=\"section\" data-e-type=\"section\" data-settings=\"{&quot;background_background&quot;:&quot;classic&quot;}\">\n\t\t\t\t\t\t\t<div class=\"elementor-background-overlay\"><\/div>\n\t\t\t\t\t\t\t<div class=\"elementor-container elementor-column-gap-default\">\n\t\t\t\t\t<div class=\"elementor-column elementor-col-100 elementor-top-column elementor-element elementor-element-387a2b2\" data-id=\"387a2b2\" data-element_type=\"column\" data-e-type=\"column\" data-settings=\"{&quot;background_background&quot;:&quot;classic&quot;}\">\n\t\t\t<div class=\"elementor-widget-wrap\">\n\t\t\t\t\t\t\t<\/div>\n\t\t<\/div>\n\t\t\t\t\t<\/div>\n\t\t<\/section>\n\t\t\t\t<section class=\"elementor-section elementor-top-section elementor-element elementor-element-20d594f elementor-section-boxed elementor-section-height-default elementor-section-height-default\" data-id=\"20d594f\" data-element_type=\"section\" data-e-type=\"section\">\n\t\t\t\t\t\t<div class=\"elementor-container elementor-column-gap-no\">\n\t\t\t\t\t<div class=\"elementor-column elementor-col-50 elementor-top-column elementor-element elementor-element-8edd659 animated-fast elementor-invisible\" data-id=\"8edd659\" data-element_type=\"column\" data-e-type=\"column\" data-settings=\"{&quot;background_background&quot;:&quot;classic&quot;,&quot;animation&quot;:&quot;fadeIn&quot;,&quot;animation_tablet&quot;:&quot;none&quot;,&quot;animation_mobile&quot;:&quot;none&quot;,&quot;animation_delay&quot;:100}\">\n\t\t\t<div class=\"elementor-widget-wrap elementor-element-populated\">\n\t\t\t\t\t\t<div class=\"elementor-element elementor-element-a77c45a elementor-widget elementor-widget-text-editor\" data-id=\"a77c45a\" data-element_type=\"widget\" data-e-type=\"widget\" data-widget_type=\"text-editor.default\">\n\t\t\t\t<div class=\"elementor-widget-container\">\n\t\t\t\t\t\t\t\t\t<p>St. Mary's School was launched in August 1987 to offer a new alternative for excellence in education.<\/p>\t\t\t\t\t\t\t\t<\/div>\n\t\t\t\t<\/div>\n\t\t\t\t\t<\/div>\n\t\t<\/div>\n\t\t\t\t<div class=\"elementor-column elementor-col-50 elementor-top-column elementor-element elementor-element-0cff86a elementor-hidden-desktop elementor-hidden-tablet elementor-hidden-phone\" data-id=\"0cff86a\" data-element_type=\"column\" data-e-type=\"column\">\n\t\t\t<div class=\"elementor-widget-wrap\">\n\t\t\t\t\t\t\t<\/div>\n\t\t<\/div>\n\t\t\t\t\t<\/div>\n\t\t<\/section>\n\t\t\t\t<section class=\"elementor-section elementor-top-section elementor-element elementor-element-f206155 elementor-section-content-middle elementor-section-boxed elementor-section-height-default elementor-section-height-default\" data-id=\"f206155\" data-element_type=\"section\" data-e-type=\"section\" data-settings=\"{&quot;animation&quot;:&quot;none&quot;,&quot;animation_tablet&quot;:&quot;none&quot;,&quot;animation_mobile&quot;:&quot;none&quot;,&quot;animation_delay&quot;:200}\">\n\t\t\t\t\t\t<div class=\"elementor-container elementor-column-gap-no\">\n\t\t\t\t\t<div class=\"elementor-column elementor-col-33 elementor-top-column elementor-element elementor-element-6c18fd3\" data-id=\"6c18fd3\" data-element_type=\"column\" data-e-type=\"column\">\n\t\t\t<div class=\"elementor-widget-wrap elementor-element-populated\">\n\t\t\t\t\t\t<div class=\"elementor-element elementor-element-4e5c184 elementor-widget__width-auto elementor-widget elementor-widget-heading\" data-id=\"4e5c184\" data-element_type=\"widget\" data-e-type=\"widget\" data-widget_type=\"heading.default\">\n\t\t\t\t<div class=\"elementor-widget-container\">\n\t\t\t\t\t<h1 class=\"elementor-heading-title elementor-size-default\">40<\/h1>\t\t\t\t<\/div>\n\t\t\t\t<\/div>\n\t\t\t\t\t<\/div>\n\t\t<\/div>\n\t\t\t\t<div class=\"elementor-column elementor-col-66 elementor-top-column elementor-element elementor-element-e31d8ac\" data-id=\"e31d8ac\" data-element_type=\"column\" data-e-type=\"column\">\n\t\t\t<div class=\"elementor-widget-wrap elementor-element-populated\">\n\t\t\t\t\t\t<div class=\"elementor-element elementor-element-246400e elementor-widget-tablet__width-inherit elementor-widget__width-initial elementor-widget elementor-widget-heading\" data-id=\"246400e\" data-element_type=\"widget\" data-e-type=\"widget\" data-widget_type=\"heading.default\">\n\t\t\t\t<div class=\"elementor-widget-container\">\n\t\t\t\t\t<h2 class=\"elementor-heading-title elementor-size-default\">of commitment to academic excellence<\/h2>\t\t\t\t<\/div>\n\t\t\t\t<\/div>\n\t\t\t\t\t<\/div>\n\t\t<\/div>\n\t\t\t\t\t<\/div>\n\t\t<\/section>\n\t\t\t\t<section class=\"elementor-section elementor-top-section elementor-element elementor-element-e6ad6ec elementor-section-boxed elementor-section-height-default elementor-section-height-default\" data-id=\"e6ad6ec\" data-element_type=\"section\" data-e-type=\"section\">\n\t\t\t\t\t\t<div class=\"elementor-container elementor-column-gap-default\">\n\t\t\t\t\t<div class=\"elementor-column elementor-col-100 elementor-top-column elementor-element elementor-element-6452e71\" data-id=\"6452e71\" data-element_type=\"column\" data-e-type=\"column\">\n\t\t\t<div class=\"elementor-widget-wrap elementor-element-populated\">\n\t\t\t\t\t\t<div class=\"elementor-element elementor-element-e41ea8c elementor-widget elementor-widget-text-editor\" data-id=\"e41ea8c\" data-element_type=\"widget\" data-e-type=\"widget\" data-settings=\"{&quot;_animation&quot;:&quot;none&quot;,&quot;_animation_tablet&quot;:&quot;none&quot;,&quot;_animation_delay&quot;:300}\" data-widget_type=\"text-editor.default\">\n\t\t\t\t<div class=\"elementor-widget-container\">\n\t\t\t\t\t\t\t\t\t<p>Our school was created out of the desire to offer parents an institution in which they could delegate the formation of their children, confident in a relevant, innovative and high quality education, in a safe environment and promoting effective learning in the cognitive, psychomotor and affective spheres.<\/p><p>The founders, Dr. Enid Inserni and Dr. Minerva Laureano, after serving as teachers of teachers and supervisors of principals at the university level, began a process of serious and profound analysis, which culminated in the creation of the educational proposal of a specialized school for children between the ages of two and five years old. The reception and support for this initiative, the initial achievements, the geographic location, the positive comparability with other schools in the area, and the demand itself, laid the foundations early in its history for St. Mary's School to continue with plans and actions for development and growth<\/p><p>Contributing to the process were decisions to offer progressive levels and grades in line with institutional capacity, an ongoing commitment to a relevant curriculum, a bilingual approach, quality services, recruitment of qualified faculty and staff, and awareness of educational trends and innovations.<\/p><p>Subsequently, the institution evolved from its pre-school groups to the higher level, and has been successful in doing so. In the year 2000, its first 12th grade class graduated, and currently, the school enjoys a place, prestige and recognition in the field of education in general and private education in particular.<\/p>\t\t\t\t\t\t\t\t<\/div>\n\t\t\t\t<\/div>\n\t\t\t\t\t<\/div>\n\t\t<\/div>\n\t\t\t\t\t<\/div>\n\t\t<\/section>\n\t\t\t\t<section class=\"elementor-section elementor-top-section elementor-element elementor-element-3625e212 elementor-section-full_width elementor-section-stretched elementor-section-height-default elementor-section-height-default\" data-id=\"3625e212\" data-element_type=\"section\" data-e-type=\"section\" data-settings=\"{&quot;background_background&quot;:&quot;classic&quot;,&quot;stretch_section&quot;:&quot;section-stretched&quot;}\">\n\t\t\t\t\t\t<div class=\"elementor-container elementor-column-gap-default\">\n\t\t\t\t\t<div class=\"elementor-column elementor-col-100 elementor-top-column elementor-element elementor-element-19f2e599\" data-id=\"19f2e599\" data-element_type=\"column\" data-e-type=\"column\">\n\t\t\t<div class=\"elementor-widget-wrap elementor-element-populated\">\n\t\t\t\t\t\t<div class=\"elementor-element elementor-element-2e44cf58 elementor-widget elementor-widget-heading\" data-id=\"2e44cf58\" data-element_type=\"widget\" data-e-type=\"widget\" data-settings=\"{&quot;_animation&quot;:&quot;none&quot;,&quot;_animation_tablet&quot;:&quot;none&quot;,&quot;_animation_mobile&quot;:&quot;none&quot;,&quot;_animation_delay&quot;:100,&quot;motion_fx_motion_fx_scrolling&quot;:&quot;yes&quot;,&quot;motion_fx_translateX_effect&quot;:&quot;yes&quot;,&quot;motion_fx_translateX_speed&quot;:{&quot;unit&quot;:&quot;px&quot;,&quot;size&quot;:1.4,&quot;sizes&quot;:[]},&quot;motion_fx_translateX_affectedRange&quot;:{&quot;unit&quot;:&quot;%&quot;,&quot;size&quot;:&quot;&quot;,&quot;sizes&quot;:{&quot;start&quot;:0,&quot;end&quot;:100}},&quot;motion_fx_devices&quot;:[&quot;desktop&quot;,&quot;tablet&quot;,&quot;mobile&quot;]}\" data-widget_type=\"heading.default\">\n\t\t\t\t<div class=\"elementor-widget-container\">\n\t\t\t\t\t<h2 class=\"elementor-heading-title elementor-size-default\">Our founders<\/h2>\t\t\t\t<\/div>\n\t\t\t\t<\/div>\n\t\t\t\t\t<\/div>\n\t\t<\/div>\n\t\t\t\t\t<\/div>\n\t\t<\/section>\n\t\t\t\t<section class=\"elementor-section elementor-top-section elementor-element elementor-element-c8dc162 elementor-reverse-mobile elementor-section-boxed elementor-section-height-default elementor-section-height-default\" data-id=\"c8dc162\" data-element_type=\"section\" data-e-type=\"section\" data-settings=\"{&quot;background_background&quot;:&quot;classic&quot;}\">\n\t\t\t\t\t\t<div class=\"elementor-container elementor-column-gap-default\">\n\t\t\t\t\t<div class=\"elementor-column elementor-col-50 elementor-top-column elementor-element elementor-element-b519237\" data-id=\"b519237\" data-element_type=\"column\" data-e-type=\"column\">\n\t\t\t<div class=\"elementor-widget-wrap elementor-element-populated\">\n\t\t\t\t\t\t<div class=\"elementor-element elementor-element-bb279d7 elementor-widget elementor-widget-heading\" data-id=\"bb279d7\" data-element_type=\"widget\" data-e-type=\"widget\" data-settings=\"{&quot;_animation&quot;:&quot;none&quot;,&quot;_animation_tablet&quot;:&quot;none&quot;,&quot;_animation_mobile&quot;:&quot;none&quot;,&quot;_animation_delay&quot;:100}\" data-widget_type=\"heading.default\">\n\t\t\t\t<div class=\"elementor-widget-container\">\n\t\t\t\t\t<h3 class=\"elementor-heading-title elementor-size-default\">Minerva Laureano, MD<\/h3>\t\t\t\t<\/div>\n\t\t\t\t<\/div>\n\t\t\t\t<div class=\"elementor-element elementor-element-cf75e0f elementor-widget elementor-widget-text-editor\" data-id=\"cf75e0f\" data-element_type=\"widget\" data-e-type=\"widget\" data-settings=\"{&quot;_animation&quot;:&quot;none&quot;,&quot;_animation_tablet&quot;:&quot;none&quot;,&quot;_animation_mobile&quot;:&quot;none&quot;,&quot;_animation_delay&quot;:200}\" data-widget_type=\"text-editor.default\">\n\t\t\t\t<div class=\"elementor-widget-container\">\n\t\t\t\t\t\t\t\t\tShe began her professional career as an elementary school teacher after completing her Bachelor's degree. Upon completing graduate studies, she worked as a university professor in the Ana G. M\u00e9ndez educational system, where she was also director of the Department of Education and supervisor of teaching practice\t\t\t\t\t\t\t\t<\/div>\n\t\t\t\t<\/div>\n\t\t\t\t<div class=\"elementor-element elementor-element-e828476 elementor-widget elementor-widget-heading\" data-id=\"e828476\" data-element_type=\"widget\" data-e-type=\"widget\" data-settings=\"{&quot;_animation&quot;:&quot;none&quot;,&quot;_animation_tablet&quot;:&quot;none&quot;,&quot;_animation_mobile&quot;:&quot;none&quot;,&quot;_animation_delay&quot;:100}\" data-widget_type=\"heading.default\">\n\t\t\t\t<div class=\"elementor-widget-container\">\n\t\t\t\t\t<h3 class=\"elementor-heading-title elementor-size-default\">\nEnid Inserni, MD<\/h3>\t\t\t\t<\/div>\n\t\t\t\t<\/div>\n\t\t\t\t<div class=\"elementor-element elementor-element-875be18 elementor-widget elementor-widget-text-editor\" data-id=\"875be18\" data-element_type=\"widget\" data-e-type=\"widget\" data-settings=\"{&quot;_animation&quot;:&quot;none&quot;,&quot;_animation_tablet&quot;:&quot;none&quot;,&quot;_animation_mobile&quot;:&quot;none&quot;,&quot;_animation_delay&quot;:200}\" data-widget_type=\"text-editor.default\">\n\t\t\t\t<div class=\"elementor-widget-container\">\n\t\t\t\t\t\t\t\t\tShe began her professional career performing as a university professor, teaching courses in Educational Psychology, Special Education and General Education at Sacred Heart University and Metropolitan University.\t\t\t\t\t\t\t\t<\/div>\n\t\t\t\t<\/div>\n\t\t\t\t\t<\/div>\n\t\t<\/div>\n\t\t\t\t<div class=\"elementor-column elementor-col-50 elementor-top-column elementor-element elementor-element-c87d34f\" data-id=\"c87d34f\" data-element_type=\"column\" data-e-type=\"column\">\n\t\t\t<div class=\"elementor-widget-wrap elementor-element-populated\">\n\t\t\t\t\t\t<div class=\"elementor-element elementor-element-6e91b1b elementor-widget elementor-widget-image\" data-id=\"6e91b1b\" data-element_type=\"widget\" data-e-type=\"widget\" data-settings=\"{&quot;motion_fx_motion_fx_scrolling&quot;:&quot;yes&quot;,&quot;motion_fx_scale_effect&quot;:&quot;yes&quot;,&quot;motion_fx_scale_speed&quot;:{&quot;unit&quot;:&quot;px&quot;,&quot;size&quot;:1,&quot;sizes&quot;:[]},&quot;motion_fx_scale_range&quot;:{&quot;unit&quot;:&quot;%&quot;,&quot;size&quot;:&quot;&quot;,&quot;sizes&quot;:{&quot;start&quot;:0,&quot;end&quot;:100}},&quot;motion_fx_devices&quot;:[&quot;desktop&quot;],&quot;motion_fx_scale_direction&quot;:&quot;out-in&quot;}\" data-widget_type=\"image.default\">\n\t\t\t\t<div class=\"elementor-widget-container\">\n\t\t\t\t\t\t\t\t\t<div class=\"elementor-image\">\n\t\t\t\t\t\t\t\t\t\t\t\t\t\t\t\t\t\t\t\t\t<img fetchpriority=\"high\" decoding=\"async\" width=\"1132\" height=\"822\" src=\"https:\/\/www.stmarysschoolpr.com\/wp-content\/uploads\/2022\/08\/Screen-Shot-2022-08-25-at-4.46.04-PM.png\" class=\"attachment-full size-full wp-image-24252\" alt=\"\" srcset=\"https:\/\/www.stmarysschoolpr.com\/wp-content\/uploads\/2022\/08\/Screen-Shot-2022-08-25-at-4.46.04-PM.png 1132w, https:\/\/www.stmarysschoolpr.com\/wp-content\/uploads\/2022\/08\/Screen-Shot-2022-08-25-at-4.46.04-PM-420x305.png 420w, https:\/\/www.stmarysschoolpr.com\/wp-content\/uploads\/2022\/08\/Screen-Shot-2022-08-25-at-4.46.04-PM-630x457.png 630w, https:\/\/www.stmarysschoolpr.com\/wp-content\/uploads\/2022\/08\/Screen-Shot-2022-08-25-at-4.46.04-PM-300x218.png 300w, https:\/\/www.stmarysschoolpr.com\/wp-content\/uploads\/2022\/08\/Screen-Shot-2022-08-25-at-4.46.04-PM-1024x744.png 1024w, https:\/\/www.stmarysschoolpr.com\/wp-content\/uploads\/2022\/08\/Screen-Shot-2022-08-25-at-4.46.04-PM-768x558.png 768w, https:\/\/www.stmarysschoolpr.com\/wp-content\/uploads\/2022\/08\/Screen-Shot-2022-08-25-at-4.46.04-PM-18x12.png 18w, https:\/\/www.stmarysschoolpr.com\/wp-content\/uploads\/2022\/08\/Screen-Shot-2022-08-25-at-4.46.04-PM-840x610.png 840w\" sizes=\"(max-width: 1132px) 100vw, 1132px\" \/>\t\t\t\t\t\t\t\t\t\t\t\t\t\t\t\t\t\t\t\t\t\t\t\t<\/div>\n\t\t\t\t\t\t\t\t<\/div>\n\t\t\t\t<\/div>\n\t\t\t\t\t<\/div>\n\t\t<\/div>\n\t\t\t\t\t<\/div>\n\t\t<\/section>\n\t\t\t\t<\/div>","protected":false},"excerpt":{"rendered":"<p>St. Mary&#8217;s School se inicia en agosto de 1987 para ofrecer una nueva alternativa de excelencia en la educaci\u00f3n. 40 a\u00f1os de compromiso con la excelencia acad\u00e9mica. Nuestro colegio surge por el deseo de ofrecer a los padres una instituci\u00f3n en la que pudieran delegar la formaci\u00f3n de sus hijos, confiados en una educaci\u00f3n pertinente,&#8230;<\/p>","protected":false},"author":1,"featured_media":0,"parent":0,"menu_order":0,"comment_status":"closed","ping_status":"closed","template":"","meta":{"footnotes":""},"class_list":["post-6397","page","type-page","status-publish","hentry"],"yoast_head":"<!-- This site is optimized with the Yoast SEO plugin v26.9 - https:\/\/yoast.com\/product\/yoast-seo-wordpress\/ -->\n<title>St. Mary&#039;s School | Historia<\/title>\n<meta name=\"description\" content=\"St. Mary\u2019s School se inicia en agosto de 1987 para ofrecer una nueva alternativa de excelencia en la educaci\u00f3n.\" \/>\n<meta name=\"robots\" content=\"index, follow, max-snippet:-1, max-image-preview:large, max-video-preview:-1\" \/>\n<link rel=\"canonical\" href=\"https:\/\/www.stmarysschoolpr.com\/en\/historia\/\" \/>\n<meta property=\"og:locale\" content=\"en_US\" \/>\n<meta property=\"og:type\" content=\"article\" \/>\n<meta property=\"og:title\" content=\"St. Mary&#039;s School | Historia\" \/>\n<meta property=\"og:description\" content=\"St. Mary\u2019s School se inicia en agosto de 1987 para ofrecer una nueva alternativa de excelencia en la educaci\u00f3n.\" \/>\n<meta property=\"og:url\" content=\"https:\/\/www.stmarysschoolpr.com\/en\/historia\/\" \/>\n<meta property=\"og:site_name\" content=\"St. Mary&#039;s School\" \/>\n<meta property=\"article:publisher\" content=\"https:\/\/www.facebook.com\/stmarysschoolpr\" \/>\n<meta property=\"article:modified_time\" content=\"2026-02-06T19:25:48+00:00\" \/>\n<meta property=\"og:image\" content=\"https:\/\/www.stmarysschoolpr.com\/wp-content\/uploads\/2022\/08\/Screen-Shot-2022-08-25-at-4.46.04-PM-1024x744.png\" \/>\n\t<meta property=\"og:image:width\" content=\"1024\" \/>\n\t<meta property=\"og:image:height\" content=\"744\" \/>\n\t<meta property=\"og:image:type\" content=\"image\/png\" \/>\n<meta name=\"twitter:card\" content=\"summary_large_image\" \/>\n<meta name=\"twitter:label1\" content=\"Est. reading time\" \/>\n\t<meta name=\"twitter:data1\" content=\"2 minutes\" \/>\n<script type=\"application\/ld+json\" class=\"yoast-schema-graph\">{\"@context\":\"https:\/\/schema.org\",\"@graph\":[{\"@type\":\"WebPage\",\"@id\":\"https:\/\/www.stmarysschoolpr.com\/historia\/\",\"url\":\"https:\/\/www.stmarysschoolpr.com\/historia\/\",\"name\":\"St. Mary's School | Historia\",\"isPartOf\":{\"@id\":\"https:\/\/www.stmarysschoolpr.com\/#website\"},\"primaryImageOfPage\":{\"@id\":\"https:\/\/www.stmarysschoolpr.com\/historia\/#primaryimage\"},\"image\":{\"@id\":\"https:\/\/www.stmarysschoolpr.com\/historia\/#primaryimage\"},\"thumbnailUrl\":\"https:\/\/www.stmarysschoolpr.com\/wp-content\/uploads\/2022\/08\/Screen-Shot-2022-08-25-at-4.46.04-PM.png\",\"datePublished\":\"2020-11-21T09:54:07+00:00\",\"dateModified\":\"2026-02-06T19:25:48+00:00\",\"description\":\"St. Mary\u2019s School se inicia en agosto de 1987 para ofrecer una nueva alternativa de excelencia en la educaci\u00f3n.\",\"breadcrumb\":{\"@id\":\"https:\/\/www.stmarysschoolpr.com\/historia\/#breadcrumb\"},\"inLanguage\":\"en-US\",\"potentialAction\":[{\"@type\":\"ReadAction\",\"target\":[\"https:\/\/www.stmarysschoolpr.com\/historia\/\"]}]},{\"@type\":\"ImageObject\",\"inLanguage\":\"en-US\",\"@id\":\"https:\/\/www.stmarysschoolpr.com\/historia\/#primaryimage\",\"url\":\"https:\/\/www.stmarysschoolpr.com\/wp-content\/uploads\/2022\/08\/Screen-Shot-2022-08-25-at-4.46.04-PM.png\",\"contentUrl\":\"https:\/\/www.stmarysschoolpr.com\/wp-content\/uploads\/2022\/08\/Screen-Shot-2022-08-25-at-4.46.04-PM.png\"},{\"@type\":\"BreadcrumbList\",\"@id\":\"https:\/\/www.stmarysschoolpr.com\/historia\/#breadcrumb\",\"itemListElement\":[{\"@type\":\"ListItem\",\"position\":1,\"name\":\"Home\",\"item\":\"https:\/\/www.stmarysschoolpr.com\/\"},{\"@type\":\"ListItem\",\"position\":2,\"name\":\"Historia\"}]},{\"@type\":\"WebSite\",\"@id\":\"https:\/\/www.stmarysschoolpr.com\/#website\",\"url\":\"https:\/\/www.stmarysschoolpr.com\/\",\"name\":\"stmarysschoolpr.com\",\"description\":\"35 a&ntilde;os de compromiso con la excelencia acad&eacute;mica\",\"publisher\":{\"@id\":\"https:\/\/www.stmarysschoolpr.com\/#organization\"},\"potentialAction\":[{\"@type\":\"SearchAction\",\"target\":{\"@type\":\"EntryPoint\",\"urlTemplate\":\"https:\/\/www.stmarysschoolpr.com\/?s={search_term_string}\"},\"query-input\":{\"@type\":\"PropertyValueSpecification\",\"valueRequired\":true,\"valueName\":\"search_term_string\"}}],\"inLanguage\":\"en-US\"},{\"@type\":\"Organization\",\"@id\":\"https:\/\/www.stmarysschoolpr.com\/#organization\",\"name\":\"St. Mary's School\",\"url\":\"https:\/\/www.stmarysschoolpr.com\/\",\"logo\":{\"@type\":\"ImageObject\",\"inLanguage\":\"en-US\",\"@id\":\"https:\/\/www.stmarysschoolpr.com\/#\/schema\/logo\/image\/\",\"url\":\"https:\/\/www.stmarysschoolpr.com\/wp-content\/uploads\/2025\/02\/sms-logo-350x100-1-1.png\",\"contentUrl\":\"https:\/\/www.stmarysschoolpr.com\/wp-content\/uploads\/2025\/02\/sms-logo-350x100-1-1.png\",\"width\":350,\"height\":100,\"caption\":\"St. Mary's School\"},\"image\":{\"@id\":\"https:\/\/www.stmarysschoolpr.com\/#\/schema\/logo\/image\/\"},\"sameAs\":[\"https:\/\/www.facebook.com\/stmarysschoolpr\"]}]}<\/script>\n<!-- \/ Yoast SEO plugin. -->","yoast_head_json":{"title":"St. Mary's School | Historia","description":"St. Mary\u2019s School se inicia en agosto de 1987 para ofrecer una nueva alternativa de excelencia en la educaci\u00f3n.","robots":{"index":"index","follow":"follow","max-snippet":"max-snippet:-1","max-image-preview":"max-image-preview:large","max-video-preview":"max-video-preview:-1"},"canonical":"https:\/\/www.stmarysschoolpr.com\/en\/historia\/","og_locale":"en_US","og_type":"article","og_title":"St. Mary's School | Historia","og_description":"St. Mary\u2019s School se inicia en agosto de 1987 para ofrecer una nueva alternativa de excelencia en la educaci\u00f3n.","og_url":"https:\/\/www.stmarysschoolpr.com\/en\/historia\/","og_site_name":"St. Mary's School","article_publisher":"https:\/\/www.facebook.com\/stmarysschoolpr","article_modified_time":"2026-02-06T19:25:48+00:00","og_image":[{"width":1024,"height":744,"url":"https:\/\/www.stmarysschoolpr.com\/wp-content\/uploads\/2022\/08\/Screen-Shot-2022-08-25-at-4.46.04-PM-1024x744.png","type":"image\/png"}],"twitter_card":"summary_large_image","twitter_misc":{"Est. reading time":"2 minutes"},"schema":{"@context":"https:\/\/schema.org","@graph":[{"@type":"WebPage","@id":"https:\/\/www.stmarysschoolpr.com\/historia\/","url":"https:\/\/www.stmarysschoolpr.com\/historia\/","name":"St. Mary's School | Historia","isPartOf":{"@id":"https:\/\/www.stmarysschoolpr.com\/#website"},"primaryImageOfPage":{"@id":"https:\/\/www.stmarysschoolpr.com\/historia\/#primaryimage"},"image":{"@id":"https:\/\/www.stmarysschoolpr.com\/historia\/#primaryimage"},"thumbnailUrl":"https:\/\/www.stmarysschoolpr.com\/wp-content\/uploads\/2022\/08\/Screen-Shot-2022-08-25-at-4.46.04-PM.png","datePublished":"2020-11-21T09:54:07+00:00","dateModified":"2026-02-06T19:25:48+00:00","description":"St. Mary\u2019s School se inicia en agosto de 1987 para ofrecer una nueva alternativa de excelencia en la educaci\u00f3n.","breadcrumb":{"@id":"https:\/\/www.stmarysschoolpr.com\/historia\/#breadcrumb"},"inLanguage":"en-US","potentialAction":[{"@type":"ReadAction","target":["https:\/\/www.stmarysschoolpr.com\/historia\/"]}]},{"@type":"ImageObject","inLanguage":"en-US","@id":"https:\/\/www.stmarysschoolpr.com\/historia\/#primaryimage","url":"https:\/\/www.stmarysschoolpr.com\/wp-content\/uploads\/2022\/08\/Screen-Shot-2022-08-25-at-4.46.04-PM.png","contentUrl":"https:\/\/www.stmarysschoolpr.com\/wp-content\/uploads\/2022\/08\/Screen-Shot-2022-08-25-at-4.46.04-PM.png"},{"@type":"BreadcrumbList","@id":"https:\/\/www.stmarysschoolpr.com\/historia\/#breadcrumb","itemListElement":[{"@type":"ListItem","position":1,"name":"Home","item":"https:\/\/www.stmarysschoolpr.com\/"},{"@type":"ListItem","position":2,"name":"Historia"}]},{"@type":"WebSite","@id":"https:\/\/www.stmarysschoolpr.com\/#website","url":"https:\/\/www.stmarysschoolpr.com\/","name":"stmarysschoolpr.com","description":"35 a&ntilde;os de compromiso con la excelencia acad&eacute;mica","publisher":{"@id":"https:\/\/www.stmarysschoolpr.com\/#organization"},"potentialAction":[{"@type":"SearchAction","target":{"@type":"EntryPoint","urlTemplate":"https:\/\/www.stmarysschoolpr.com\/?s={search_term_string}"},"query-input":{"@type":"PropertyValueSpecification","valueRequired":true,"valueName":"search_term_string"}}],"inLanguage":"en-US"},{"@type":"Organization","@id":"https:\/\/www.stmarysschoolpr.com\/#organization","name":"St. Mary's School","url":"https:\/\/www.stmarysschoolpr.com\/","logo":{"@type":"ImageObject","inLanguage":"en-US","@id":"https:\/\/www.stmarysschoolpr.com\/#\/schema\/logo\/image\/","url":"https:\/\/www.stmarysschoolpr.com\/wp-content\/uploads\/2025\/02\/sms-logo-350x100-1-1.png","contentUrl":"https:\/\/www.stmarysschoolpr.com\/wp-content\/uploads\/2025\/02\/sms-logo-350x100-1-1.png","width":350,"height":100,"caption":"St. Mary's School"},"image":{"@id":"https:\/\/www.stmarysschoolpr.com\/#\/schema\/logo\/image\/"},"sameAs":["https:\/\/www.facebook.com\/stmarysschoolpr"]}]}},"_links":{"self":[{"href":"https:\/\/www.stmarysschoolpr.com\/en\/wp-json\/wp\/v2\/pages\/6397","targetHints":{"allow":["GET"]}}],"collection":[{"href":"https:\/\/www.stmarysschoolpr.com\/en\/wp-json\/wp\/v2\/pages"}],"about":[{"href":"https:\/\/www.stmarysschoolpr.com\/en\/wp-json\/wp\/v2\/types\/page"}],"author":[{"embeddable":true,"href":"https:\/\/www.stmarysschoolpr.com\/en\/wp-json\/wp\/v2\/users\/1"}],"replies":[{"embeddable":true,"href":"https:\/\/www.stmarysschoolpr.com\/en\/wp-json\/wp\/v2\/comments?post=6397"}],"version-history":[{"count":89,"href":"https:\/\/www.stmarysschoolpr.com\/en\/wp-json\/wp\/v2\/pages\/6397\/revisions"}],"predecessor-version":[{"id":26934,"href":"https:\/\/www.stmarysschoolpr.com\/en\/wp-json\/wp\/v2\/pages\/6397\/revisions\/26934"}],"wp:attachment":[{"href":"https:\/\/www.stmarysschoolpr.com\/en\/wp-json\/wp\/v2\/media?parent=6397"}],"curies":[{"name":"wp","href":"https:\/\/api.w.org\/{rel}","templated":true}]}}