{"id":6428,"date":"2020-11-21T09:59:10","date_gmt":"2020-11-21T09:59:10","guid":{"rendered":"https:\/\/estudiar.vamtam.com\/?page_id=6428"},"modified":"2023-02-24T21:52:38","modified_gmt":"2023-02-24T21:52:38","slug":"alumni","status":"publish","type":"page","link":"https:\/\/www.stmarysschoolpr.com\/en\/alumni\/","title":{"rendered":"Alumni"},"content":{"rendered":"<div data-elementor-type=\"wp-page\" data-elementor-id=\"6428\" class=\"elementor elementor-6428\" data-elementor-post-type=\"page\">\n\t\t\t\t\t\t<section class=\"elementor-section elementor-top-section elementor-element elementor-element-17f541f elementor-section-height-min-height elementor-section-boxed elementor-section-height-default elementor-section-items-middle\" data-id=\"17f541f\" data-element_type=\"section\" data-e-type=\"section\" data-settings=\"{&quot;background_background&quot;:&quot;classic&quot;}\">\n\t\t\t\t\t\t\t<div class=\"elementor-background-overlay\"><\/div>\n\t\t\t\t\t\t\t<div class=\"elementor-container elementor-column-gap-default\">\n\t\t\t\t\t<div class=\"elementor-column elementor-col-100 elementor-top-column elementor-element elementor-element-b7a561d\" data-id=\"b7a561d\" data-element_type=\"column\" data-e-type=\"column\" data-settings=\"{&quot;background_background&quot;:&quot;classic&quot;}\">\n\t\t\t<div class=\"elementor-widget-wrap\">\n\t\t\t\t\t\t\t<\/div>\n\t\t<\/div>\n\t\t\t\t\t<\/div>\n\t\t<\/section>\n\t\t\t\t<section class=\"elementor-section elementor-top-section elementor-element elementor-element-0b98231 elementor-section-boxed elementor-section-height-default elementor-section-height-default\" data-id=\"0b98231\" data-element_type=\"section\" data-e-type=\"section\">\n\t\t\t\t\t\t<div class=\"elementor-container elementor-column-gap-no\">\n\t\t\t\t\t<div class=\"elementor-column elementor-col-50 elementor-top-column elementor-element elementor-element-563218d animated-fast elementor-invisible\" data-id=\"563218d\" data-element_type=\"column\" data-e-type=\"column\" data-settings=\"{&quot;background_background&quot;:&quot;classic&quot;,&quot;animation&quot;:&quot;fadeIn&quot;,&quot;animation_tablet&quot;:&quot;none&quot;,&quot;animation_mobile&quot;:&quot;none&quot;,&quot;animation_delay&quot;:100}\">\n\t\t\t<div class=\"elementor-widget-wrap elementor-element-populated\">\n\t\t\t\t\t\t<div class=\"elementor-element elementor-element-9a97c8c elementor-widget elementor-widget-text-editor\" data-id=\"9a97c8c\" data-element_type=\"widget\" data-e-type=\"widget\" data-widget_type=\"text-editor.default\">\n\t\t\t\t<div class=\"elementor-widget-container\">\n\t\t\t\t\t\t\t\t\t<p><b>Your alma mater awaits you<\/b><\/p>\t\t\t\t\t\t\t\t<\/div>\n\t\t\t\t<\/div>\n\t\t\t\t\t<\/div>\n\t\t<\/div>\n\t\t\t\t<div class=\"elementor-column elementor-col-50 elementor-top-column elementor-element elementor-element-a59c8f2 elementor-hidden-desktop elementor-hidden-tablet elementor-hidden-phone\" data-id=\"a59c8f2\" data-element_type=\"column\" data-e-type=\"column\">\n\t\t\t<div class=\"elementor-widget-wrap\">\n\t\t\t\t\t\t\t<\/div>\n\t\t<\/div>\n\t\t\t\t\t<\/div>\n\t\t<\/section>\n\t\t\t\t<section class=\"elementor-section elementor-top-section elementor-element elementor-element-a6945c9 elementor-section-boxed elementor-section-height-default elementor-section-height-default\" data-id=\"a6945c9\" data-element_type=\"section\" data-e-type=\"section\">\n\t\t\t\t\t\t<div class=\"elementor-container elementor-column-gap-default\">\n\t\t\t\t\t<div class=\"elementor-column elementor-col-100 elementor-top-column elementor-element elementor-element-4e6c214\" data-id=\"4e6c214\" data-element_type=\"column\" data-e-type=\"column\">\n\t\t\t<div class=\"elementor-widget-wrap elementor-element-populated\">\n\t\t\t\t\t\t<div class=\"elementor-element elementor-element-c0600c5 elementor-widget elementor-widget-text-editor\" data-id=\"c0600c5\" data-element_type=\"widget\" data-e-type=\"widget\" data-settings=\"{&quot;_animation&quot;:&quot;none&quot;,&quot;_animation_tablet&quot;:&quot;none&quot;,&quot;_animation_mobile&quot;:&quot;none&quot;,&quot;_animation_delay&quot;:300}\" data-widget_type=\"text-editor.default\">\n\t\t\t\t<div class=\"elementor-widget-container\">\n\t\t\t\t\t\t\t\t\t<blockquote><p>Because you were and always will be a St. Mary's School Dolphin... we want to hear from you! Email us at info@sms87.com to share your contact information so we know what you are doing today.<\/p><\/blockquote>\t\t\t\t\t\t\t\t<\/div>\n\t\t\t\t<\/div>\n\t\t\t\t\t<\/div>\n\t\t<\/div>\n\t\t\t\t\t<\/div>\n\t\t<\/section>\n\t\t\t\t<section class=\"elementor-section elementor-top-section elementor-element elementor-element-692ffc4 elementor-reverse-tablet elementor-hidden-mobile elementor-section-boxed elementor-section-height-default elementor-section-height-default\" data-id=\"692ffc4\" data-element_type=\"section\" data-e-type=\"section\">\n\t\t\t\t\t\t<div class=\"elementor-container elementor-column-gap-no\">\n\t\t\t\t\t<div class=\"elementor-column elementor-col-33 elementor-top-column elementor-element elementor-element-17ba70d elementor-hidden-phone\" data-id=\"17ba70d\" data-element_type=\"column\" data-e-type=\"column\">\n\t\t\t<div class=\"elementor-widget-wrap elementor-element-populated\">\n\t\t\t\t\t\t<div class=\"elementor-element elementor-element-c7ac474 elementor-invisible elementor-widget elementor-widget-image\" data-id=\"c7ac474\" data-element_type=\"widget\" data-e-type=\"widget\" data-settings=\"{&quot;_animation&quot;:&quot;imageGrowWithScaleBottom&quot;,&quot;_animation_tablet&quot;:&quot;none&quot;,&quot;_animation_mobile&quot;:&quot;none&quot;,&quot;_animation_delay&quot;:500}\" data-widget_type=\"image.default\">\n\t\t\t\t<div class=\"elementor-widget-container\">\n\t\t\t\t\t\t\t\t\t<div class=\"elementor-image\">\n\t\t\t\t\t\t\t\t\t\t\t<div class=\"vamtam-image-wrapper\">\n\t\t\t\t\t\t\t\t\t\t\t\t\t\t\t\t\t\t\t\t\t<img fetchpriority=\"high\" decoding=\"async\" width=\"442\" height=\"616\" src=\"https:\/\/www.stmarysschoolpr.com\/wp-content\/uploads\/2022\/08\/St-Marys-School-Alumni1.jpg\" class=\"attachment-full size-full wp-image-24842\" alt=\"\" srcset=\"https:\/\/www.stmarysschoolpr.com\/wp-content\/uploads\/2022\/08\/St-Marys-School-Alumni1.jpg 442w, https:\/\/www.stmarysschoolpr.com\/wp-content\/uploads\/2022\/08\/St-Marys-School-Alumni1-420x585.jpg 420w, https:\/\/www.stmarysschoolpr.com\/wp-content\/uploads\/2022\/08\/St-Marys-School-Alumni1-215x300.jpg 215w, https:\/\/www.stmarysschoolpr.com\/wp-content\/uploads\/2022\/08\/St-Marys-School-Alumni1-9x12.jpg 9w\" sizes=\"(max-width: 442px) 100vw, 442px\" \/>\t\t\t\t\t\t\t\t\t\t\t\t\t\t\t\t\t\t\t\t\t\t\t\t\t\t<\/div>\n\t\t\t\t\t\t\t\t\t<\/div>\n\t\t\t\t\t\t\t\t<\/div>\n\t\t\t\t<\/div>\n\t\t\t\t\t<\/div>\n\t\t<\/div>\n\t\t\t\t<div class=\"elementor-column elementor-col-33 elementor-top-column elementor-element elementor-element-2e86f62\" data-id=\"2e86f62\" data-element_type=\"column\" data-e-type=\"column\">\n\t\t\t<div class=\"elementor-widget-wrap elementor-element-populated\">\n\t\t\t\t\t\t<div class=\"elementor-element elementor-element-40c93a0 elementor-invisible elementor-widget elementor-widget-image\" data-id=\"40c93a0\" data-element_type=\"widget\" data-e-type=\"widget\" data-settings=\"{&quot;_animation&quot;:&quot;imageGrowWithScaleBottom&quot;,&quot;_animation_tablet&quot;:&quot;none&quot;,&quot;_animation_mobile&quot;:&quot;none&quot;,&quot;_animation_delay&quot;:800}\" data-widget_type=\"image.default\">\n\t\t\t\t<div class=\"elementor-widget-container\">\n\t\t\t\t\t\t\t\t\t<div class=\"elementor-image\">\n\t\t\t\t\t\t\t\t\t\t\t<div class=\"vamtam-image-wrapper\">\n\t\t\t\t\t\t\t\t\t\t\t\t\t\t\t\t\t\t\t\t\t<img decoding=\"async\" width=\"454\" height=\"656\" src=\"https:\/\/www.stmarysschoolpr.com\/wp-content\/uploads\/2022\/08\/St-Marys-School-Alumni2.jpg\" class=\"attachment-full size-full wp-image-24843\" alt=\"\" srcset=\"https:\/\/www.stmarysschoolpr.com\/wp-content\/uploads\/2022\/08\/St-Marys-School-Alumni2.jpg 454w, https:\/\/www.stmarysschoolpr.com\/wp-content\/uploads\/2022\/08\/St-Marys-School-Alumni2-420x607.jpg 420w, https:\/\/www.stmarysschoolpr.com\/wp-content\/uploads\/2022\/08\/St-Marys-School-Alumni2-208x300.jpg 208w, https:\/\/www.stmarysschoolpr.com\/wp-content\/uploads\/2022\/08\/St-Marys-School-Alumni2-8x12.jpg 8w\" sizes=\"(max-width: 454px) 100vw, 454px\" \/>\t\t\t\t\t\t\t\t\t\t\t\t\t\t\t\t\t\t\t\t\t\t\t\t\t\t<\/div>\n\t\t\t\t\t\t\t\t\t<\/div>\n\t\t\t\t\t\t\t\t<\/div>\n\t\t\t\t<\/div>\n\t\t\t\t\t<\/div>\n\t\t<\/div>\n\t\t\t\t<div class=\"elementor-column elementor-col-33 elementor-top-column elementor-element elementor-element-7bff59e elementor-hidden-phone elementor-hidden-tablet\" data-id=\"7bff59e\" data-element_type=\"column\" data-e-type=\"column\">\n\t\t\t<div class=\"elementor-widget-wrap elementor-element-populated\">\n\t\t\t\t\t\t<div class=\"elementor-element elementor-element-35df7af elementor-invisible elementor-widget elementor-widget-image\" data-id=\"35df7af\" data-element_type=\"widget\" data-e-type=\"widget\" data-settings=\"{&quot;_animation&quot;:&quot;imageGrowWithScaleBottom&quot;,&quot;_animation_tablet&quot;:&quot;none&quot;,&quot;_animation_mobile&quot;:&quot;none&quot;,&quot;_animation_delay&quot;:500}\" data-widget_type=\"image.default\">\n\t\t\t\t<div class=\"elementor-widget-container\">\n\t\t\t\t\t\t\t\t\t<div class=\"elementor-image\">\n\t\t\t\t\t\t\t\t\t\t\t<div class=\"vamtam-image-wrapper\">\n\t\t\t\t\t\t\t\t\t\t\t\t\t\t\t\t\t\t\t\t\t<img decoding=\"async\" width=\"482\" height=\"797\" src=\"https:\/\/www.stmarysschoolpr.com\/wp-content\/uploads\/2022\/08\/St-Marys-School-Alumni4.jpg\" class=\"attachment-full size-full wp-image-24845\" alt=\"\" srcset=\"https:\/\/www.stmarysschoolpr.com\/wp-content\/uploads\/2022\/08\/St-Marys-School-Alumni4.jpg 482w, https:\/\/www.stmarysschoolpr.com\/wp-content\/uploads\/2022\/08\/St-Marys-School-Alumni4-420x694.jpg 420w, https:\/\/www.stmarysschoolpr.com\/wp-content\/uploads\/2022\/08\/St-Marys-School-Alumni4-181x300.jpg 181w, https:\/\/www.stmarysschoolpr.com\/wp-content\/uploads\/2022\/08\/St-Marys-School-Alumni4-7x12.jpg 7w\" sizes=\"(max-width: 482px) 100vw, 482px\" \/>\t\t\t\t\t\t\t\t\t\t\t\t\t\t\t\t\t\t\t\t\t\t\t\t\t\t<\/div>\n\t\t\t\t\t\t\t\t\t<\/div>\n\t\t\t\t\t\t\t\t<\/div>\n\t\t\t\t<\/div>\n\t\t\t\t\t<\/div>\n\t\t<\/div>\n\t\t\t\t\t<\/div>\n\t\t<\/section>\n\t\t\t\t<section class=\"elementor-section elementor-top-section elementor-element elementor-element-afff25c elementor-section-boxed elementor-section-height-default elementor-section-height-default\" data-id=\"afff25c\" data-element_type=\"section\" data-e-type=\"section\">\n\t\t\t\t\t\t<div class=\"elementor-container elementor-column-gap-default\">\n\t\t\t\t\t<div class=\"elementor-column elementor-col-100 elementor-top-column elementor-element elementor-element-95e3490\" data-id=\"95e3490\" data-element_type=\"column\" data-e-type=\"column\">\n\t\t\t<div class=\"elementor-widget-wrap elementor-element-populated\">\n\t\t\t\t\t\t<div class=\"elementor-element elementor-element-b97a0d1 elementor-widget elementor-widget-spacer\" data-id=\"b97a0d1\" data-element_type=\"widget\" data-e-type=\"widget\" data-widget_type=\"spacer.default\">\n\t\t\t\t<div class=\"elementor-widget-container\">\n\t\t\t\t\t\t\t<div class=\"elementor-spacer\">\n\t\t\t<div class=\"elementor-spacer-inner\"><\/div>\n\t\t<\/div>\n\t\t\t\t\t\t<\/div>\n\t\t\t\t<\/div>\n\t\t\t\t\t<\/div>\n\t\t<\/div>\n\t\t\t\t\t<\/div>\n\t\t<\/section>\n\t\t\t\t<section class=\"elementor-section elementor-top-section elementor-element elementor-element-66c41c4 elementor-section-content-bottom elementor-section-boxed elementor-section-height-default elementor-section-height-default\" data-id=\"66c41c4\" data-element_type=\"section\" data-e-type=\"section\">\n\t\t\t\t\t\t<div class=\"elementor-container elementor-column-gap-default\">\n\t\t\t\t\t<div class=\"elementor-column elementor-col-100 elementor-top-column elementor-element elementor-element-557e383\" data-id=\"557e383\" data-element_type=\"column\" data-e-type=\"column\">\n\t\t\t<div class=\"elementor-widget-wrap elementor-element-populated\">\n\t\t\t\t\t\t<div class=\"elementor-element elementor-element-c30ee1d elementor-widget elementor-widget-video\" data-id=\"c30ee1d\" data-element_type=\"widget\" data-e-type=\"widget\" data-settings=\"{&quot;youtube_url&quot;:&quot;https:\\\/\\\/youtu.be\\\/8MRdKTdtlTk&quot;,&quot;video_type&quot;:&quot;youtube&quot;,&quot;controls&quot;:&quot;yes&quot;}\" data-widget_type=\"video.default\">\n\t\t\t\t<div class=\"elementor-widget-container\">\n\t\t\t\t\t\t\t<div class=\"elementor-wrapper elementor-open-inline\">\n\t\t\t<div class=\"elementor-video\"><\/div>\t\t<\/div>\n\t\t\t\t\t\t<\/div>\n\t\t\t\t<\/div>\n\t\t\t\t<div class=\"elementor-element elementor-element-3bf5fe8 elementor-widget elementor-widget-spacer\" data-id=\"3bf5fe8\" data-element_type=\"widget\" data-e-type=\"widget\" data-widget_type=\"spacer.default\">\n\t\t\t\t<div class=\"elementor-widget-container\">\n\t\t\t\t\t\t\t<div class=\"elementor-spacer\">\n\t\t\t<div class=\"elementor-spacer-inner\"><\/div>\n\t\t<\/div>\n\t\t\t\t\t\t<\/div>\n\t\t\t\t<\/div>\n\t\t\t\t<div class=\"elementor-element elementor-element-1d7056e elementor-widget elementor-widget-video\" data-id=\"1d7056e\" data-element_type=\"widget\" data-e-type=\"widget\" data-settings=\"{&quot;youtube_url&quot;:&quot;https:\\\/\\\/youtu.be\\\/5IFeoTMiSEg&quot;,&quot;video_type&quot;:&quot;youtube&quot;,&quot;controls&quot;:&quot;yes&quot;}\" data-widget_type=\"video.default\">\n\t\t\t\t<div class=\"elementor-widget-container\">\n\t\t\t\t\t\t\t<div class=\"elementor-wrapper elementor-open-inline\">\n\t\t\t<div class=\"elementor-video\"><\/div>\t\t<\/div>\n\t\t\t\t\t\t<\/div>\n\t\t\t\t<\/div>\n\t\t\t\t<div class=\"elementor-element elementor-element-5da111e elementor-widget elementor-widget-spacer\" data-id=\"5da111e\" data-element_type=\"widget\" data-e-type=\"widget\" data-widget_type=\"spacer.default\">\n\t\t\t\t<div class=\"elementor-widget-container\">\n\t\t\t\t\t\t\t<div class=\"elementor-spacer\">\n\t\t\t<div class=\"elementor-spacer-inner\"><\/div>\n\t\t<\/div>\n\t\t\t\t\t\t<\/div>\n\t\t\t\t<\/div>\n\t\t\t\t<div class=\"elementor-element elementor-element-9d00a49 elementor-widget elementor-widget-image\" data-id=\"9d00a49\" data-element_type=\"widget\" data-e-type=\"widget\" data-widget_type=\"image.default\">\n\t\t\t\t<div class=\"elementor-widget-container\">\n\t\t\t\t\t\t\t\t\t<div class=\"elementor-image\">\n\t\t\t\t\t\t\t\t\t\t\t\t\t\t\t\t\t\t\t\t\t<img loading=\"lazy\" decoding=\"async\" width=\"1024\" height=\"390\" src=\"https:\/\/www.stmarysschoolpr.com\/wp-content\/uploads\/2022\/08\/Banner-2-1024x390.jpg\" class=\"attachment-large size-large wp-image-24747\" alt=\"\" srcset=\"https:\/\/www.stmarysschoolpr.com\/wp-content\/uploads\/2022\/08\/Banner-2-1024x390.jpg 1024w, https:\/\/www.stmarysschoolpr.com\/wp-content\/uploads\/2022\/08\/Banner-2-420x160.jpg 420w, https:\/\/www.stmarysschoolpr.com\/wp-content\/uploads\/2022\/08\/Banner-2-630x240.jpg 630w, https:\/\/www.stmarysschoolpr.com\/wp-content\/uploads\/2022\/08\/Banner-2-300x114.jpg 300w, https:\/\/www.stmarysschoolpr.com\/wp-content\/uploads\/2022\/08\/Banner-2-768x292.jpg 768w, https:\/\/www.stmarysschoolpr.com\/wp-content\/uploads\/2022\/08\/Banner-2-18x7.jpg 18w, https:\/\/www.stmarysschoolpr.com\/wp-content\/uploads\/2022\/08\/Banner-2-840x320.jpg 840w, https:\/\/www.stmarysschoolpr.com\/wp-content\/uploads\/2022\/08\/Banner-2.jpg 1200w\" sizes=\"(max-width: 1024px) 100vw, 1024px\" \/>\t\t\t\t\t\t\t\t\t\t\t\t\t\t\t\t\t\t\t\t\t\t\t\t<\/div>\n\t\t\t\t\t\t\t\t<\/div>\n\t\t\t\t<\/div>\n\t\t\t\t\t<\/div>\n\t\t<\/div>\n\t\t\t\t\t<\/div>\n\t\t<\/section>\n\t\t\t\t<\/div>","protected":false},"excerpt":{"rendered":"<p>Tu alma mater te espera Porque fuiste y siempre ser\u00e1s un delf\u00edn de St. Mary\u2019s School\u2026 \u00a1queremos saber de ti! Escr\u00edbenos a info@sms87.com para que nos compartas tu informaci\u00f3n de contacto y as\u00ed saber qu\u00e9 est\u00e1s haciendo hoy.<\/p>","protected":false},"author":1,"featured_media":0,"parent":0,"menu_order":0,"comment_status":"closed","ping_status":"closed","template":"","meta":{"footnotes":""},"class_list":["post-6428","page","type-page","status-publish","hentry"],"yoast_head":"<!-- This site is optimized with the Yoast SEO plugin v26.9 - https:\/\/yoast.com\/product\/yoast-seo-wordpress\/ -->\n<title>Alumni - St. Mary&#039;s School<\/title>\n<meta name=\"robots\" content=\"index, follow, max-snippet:-1, max-image-preview:large, max-video-preview:-1\" \/>\n<link rel=\"canonical\" href=\"https:\/\/www.stmarysschoolpr.com\/en\/alumni\/\" \/>\n<meta property=\"og:locale\" content=\"en_US\" \/>\n<meta property=\"og:type\" content=\"article\" \/>\n<meta property=\"og:title\" content=\"Alumni - St. Mary&#039;s School\" \/>\n<meta property=\"og:description\" content=\"Tu alma mater te espera Porque fuiste y siempre ser\u00e1s un delf\u00edn de St. Mary\u2019s School\u2026 \u00a1queremos saber de ti! Escr\u00edbenos a info@sms87.com para que nos compartas tu informaci\u00f3n de contacto y as\u00ed saber qu\u00e9 est\u00e1s haciendo hoy.\" \/>\n<meta property=\"og:url\" content=\"https:\/\/www.stmarysschoolpr.com\/en\/alumni\/\" \/>\n<meta property=\"og:site_name\" content=\"St. Mary&#039;s School\" \/>\n<meta property=\"article:publisher\" content=\"https:\/\/www.facebook.com\/stmarysschoolpr\" \/>\n<meta property=\"article:modified_time\" content=\"2023-02-24T21:52:38+00:00\" \/>\n<meta property=\"og:image\" content=\"https:\/\/www.stmarysschoolpr.com\/wp-content\/uploads\/2022\/08\/St-Marys-School-Alumni1.jpg\" \/>\n<meta name=\"twitter:card\" content=\"summary_large_image\" \/>\n<meta name=\"twitter:label1\" content=\"Est. reading time\" \/>\n\t<meta name=\"twitter:data1\" content=\"1 minute\" \/>\n<script type=\"application\/ld+json\" class=\"yoast-schema-graph\">{\"@context\":\"https:\/\/schema.org\",\"@graph\":[{\"@type\":\"WebPage\",\"@id\":\"https:\/\/www.stmarysschoolpr.com\/alumni\/\",\"url\":\"https:\/\/www.stmarysschoolpr.com\/alumni\/\",\"name\":\"Alumni - St. Mary's School\",\"isPartOf\":{\"@id\":\"https:\/\/www.stmarysschoolpr.com\/#website\"},\"primaryImageOfPage\":{\"@id\":\"https:\/\/www.stmarysschoolpr.com\/alumni\/#primaryimage\"},\"image\":{\"@id\":\"https:\/\/www.stmarysschoolpr.com\/alumni\/#primaryimage\"},\"thumbnailUrl\":\"https:\/\/www.stmarysschoolpr.com\/wp-content\/uploads\/2022\/08\/St-Marys-School-Alumni1.jpg\",\"datePublished\":\"2020-11-21T09:59:10+00:00\",\"dateModified\":\"2023-02-24T21:52:38+00:00\",\"breadcrumb\":{\"@id\":\"https:\/\/www.stmarysschoolpr.com\/alumni\/#breadcrumb\"},\"inLanguage\":\"en-US\",\"potentialAction\":[{\"@type\":\"ReadAction\",\"target\":[\"https:\/\/www.stmarysschoolpr.com\/alumni\/\"]}]},{\"@type\":\"ImageObject\",\"inLanguage\":\"en-US\",\"@id\":\"https:\/\/www.stmarysschoolpr.com\/alumni\/#primaryimage\",\"url\":\"https:\/\/www.stmarysschoolpr.com\/wp-content\/uploads\/2022\/08\/St-Marys-School-Alumni1.jpg\",\"contentUrl\":\"https:\/\/www.stmarysschoolpr.com\/wp-content\/uploads\/2022\/08\/St-Marys-School-Alumni1.jpg\"},{\"@type\":\"BreadcrumbList\",\"@id\":\"https:\/\/www.stmarysschoolpr.com\/alumni\/#breadcrumb\",\"itemListElement\":[{\"@type\":\"ListItem\",\"position\":1,\"name\":\"Home\",\"item\":\"https:\/\/www.stmarysschoolpr.com\/\"},{\"@type\":\"ListItem\",\"position\":2,\"name\":\"Alumni\"}]},{\"@type\":\"WebSite\",\"@id\":\"https:\/\/www.stmarysschoolpr.com\/#website\",\"url\":\"https:\/\/www.stmarysschoolpr.com\/\",\"name\":\"stmarysschoolpr.com\",\"description\":\"35 a&ntilde;os de compromiso con la excelencia acad&eacute;mica\",\"publisher\":{\"@id\":\"https:\/\/www.stmarysschoolpr.com\/#organization\"},\"potentialAction\":[{\"@type\":\"SearchAction\",\"target\":{\"@type\":\"EntryPoint\",\"urlTemplate\":\"https:\/\/www.stmarysschoolpr.com\/?s={search_term_string}\"},\"query-input\":{\"@type\":\"PropertyValueSpecification\",\"valueRequired\":true,\"valueName\":\"search_term_string\"}}],\"inLanguage\":\"en-US\"},{\"@type\":\"Organization\",\"@id\":\"https:\/\/www.stmarysschoolpr.com\/#organization\",\"name\":\"St. Mary's School\",\"url\":\"https:\/\/www.stmarysschoolpr.com\/\",\"logo\":{\"@type\":\"ImageObject\",\"inLanguage\":\"en-US\",\"@id\":\"https:\/\/www.stmarysschoolpr.com\/#\/schema\/logo\/image\/\",\"url\":\"https:\/\/www.stmarysschoolpr.com\/wp-content\/uploads\/2025\/02\/sms-logo-350x100-1-1.png\",\"contentUrl\":\"https:\/\/www.stmarysschoolpr.com\/wp-content\/uploads\/2025\/02\/sms-logo-350x100-1-1.png\",\"width\":350,\"height\":100,\"caption\":\"St. Mary's School\"},\"image\":{\"@id\":\"https:\/\/www.stmarysschoolpr.com\/#\/schema\/logo\/image\/\"},\"sameAs\":[\"https:\/\/www.facebook.com\/stmarysschoolpr\"]}]}<\/script>\n<!-- \/ Yoast SEO plugin. -->","yoast_head_json":{"title":"Alumni - St. Mary's School","robots":{"index":"index","follow":"follow","max-snippet":"max-snippet:-1","max-image-preview":"max-image-preview:large","max-video-preview":"max-video-preview:-1"},"canonical":"https:\/\/www.stmarysschoolpr.com\/en\/alumni\/","og_locale":"en_US","og_type":"article","og_title":"Alumni - St. Mary's School","og_description":"Tu alma mater te espera Porque fuiste y siempre ser\u00e1s un delf\u00edn de St. Mary\u2019s School\u2026 \u00a1queremos saber de ti! Escr\u00edbenos a info@sms87.com para que nos compartas tu informaci\u00f3n de contacto y as\u00ed saber qu\u00e9 est\u00e1s haciendo hoy.","og_url":"https:\/\/www.stmarysschoolpr.com\/en\/alumni\/","og_site_name":"St. Mary's School","article_publisher":"https:\/\/www.facebook.com\/stmarysschoolpr","article_modified_time":"2023-02-24T21:52:38+00:00","og_image":[{"url":"https:\/\/www.stmarysschoolpr.com\/wp-content\/uploads\/2022\/08\/St-Marys-School-Alumni1.jpg","type":"","width":"","height":""}],"twitter_card":"summary_large_image","twitter_misc":{"Est. reading time":"1 minute"},"schema":{"@context":"https:\/\/schema.org","@graph":[{"@type":"WebPage","@id":"https:\/\/www.stmarysschoolpr.com\/alumni\/","url":"https:\/\/www.stmarysschoolpr.com\/alumni\/","name":"Alumni - St. Mary's School","isPartOf":{"@id":"https:\/\/www.stmarysschoolpr.com\/#website"},"primaryImageOfPage":{"@id":"https:\/\/www.stmarysschoolpr.com\/alumni\/#primaryimage"},"image":{"@id":"https:\/\/www.stmarysschoolpr.com\/alumni\/#primaryimage"},"thumbnailUrl":"https:\/\/www.stmarysschoolpr.com\/wp-content\/uploads\/2022\/08\/St-Marys-School-Alumni1.jpg","datePublished":"2020-11-21T09:59:10+00:00","dateModified":"2023-02-24T21:52:38+00:00","breadcrumb":{"@id":"https:\/\/www.stmarysschoolpr.com\/alumni\/#breadcrumb"},"inLanguage":"en-US","potentialAction":[{"@type":"ReadAction","target":["https:\/\/www.stmarysschoolpr.com\/alumni\/"]}]},{"@type":"ImageObject","inLanguage":"en-US","@id":"https:\/\/www.stmarysschoolpr.com\/alumni\/#primaryimage","url":"https:\/\/www.stmarysschoolpr.com\/wp-content\/uploads\/2022\/08\/St-Marys-School-Alumni1.jpg","contentUrl":"https:\/\/www.stmarysschoolpr.com\/wp-content\/uploads\/2022\/08\/St-Marys-School-Alumni1.jpg"},{"@type":"BreadcrumbList","@id":"https:\/\/www.stmarysschoolpr.com\/alumni\/#breadcrumb","itemListElement":[{"@type":"ListItem","position":1,"name":"Home","item":"https:\/\/www.stmarysschoolpr.com\/"},{"@type":"ListItem","position":2,"name":"Alumni"}]},{"@type":"WebSite","@id":"https:\/\/www.stmarysschoolpr.com\/#website","url":"https:\/\/www.stmarysschoolpr.com\/","name":"stmarysschoolpr.com","description":"35 a&ntilde;os de compromiso con la excelencia acad&eacute;mica","publisher":{"@id":"https:\/\/www.stmarysschoolpr.com\/#organization"},"potentialAction":[{"@type":"SearchAction","target":{"@type":"EntryPoint","urlTemplate":"https:\/\/www.stmarysschoolpr.com\/?s={search_term_string}"},"query-input":{"@type":"PropertyValueSpecification","valueRequired":true,"valueName":"search_term_string"}}],"inLanguage":"en-US"},{"@type":"Organization","@id":"https:\/\/www.stmarysschoolpr.com\/#organization","name":"St. Mary's School","url":"https:\/\/www.stmarysschoolpr.com\/","logo":{"@type":"ImageObject","inLanguage":"en-US","@id":"https:\/\/www.stmarysschoolpr.com\/#\/schema\/logo\/image\/","url":"https:\/\/www.stmarysschoolpr.com\/wp-content\/uploads\/2025\/02\/sms-logo-350x100-1-1.png","contentUrl":"https:\/\/www.stmarysschoolpr.com\/wp-content\/uploads\/2025\/02\/sms-logo-350x100-1-1.png","width":350,"height":100,"caption":"St. Mary's School"},"image":{"@id":"https:\/\/www.stmarysschoolpr.com\/#\/schema\/logo\/image\/"},"sameAs":["https:\/\/www.facebook.com\/stmarysschoolpr"]}]}},"_links":{"self":[{"href":"https:\/\/www.stmarysschoolpr.com\/en\/wp-json\/wp\/v2\/pages\/6428","targetHints":{"allow":["GET"]}}],"collection":[{"href":"https:\/\/www.stmarysschoolpr.com\/en\/wp-json\/wp\/v2\/pages"}],"about":[{"href":"https:\/\/www.stmarysschoolpr.com\/en\/wp-json\/wp\/v2\/types\/page"}],"author":[{"embeddable":true,"href":"https:\/\/www.stmarysschoolpr.com\/en\/wp-json\/wp\/v2\/users\/1"}],"replies":[{"embeddable":true,"href":"https:\/\/www.stmarysschoolpr.com\/en\/wp-json\/wp\/v2\/comments?post=6428"}],"version-history":[{"count":74,"href":"https:\/\/www.stmarysschoolpr.com\/en\/wp-json\/wp\/v2\/pages\/6428\/revisions"}],"predecessor-version":[{"id":26779,"href":"https:\/\/www.stmarysschoolpr.com\/en\/wp-json\/wp\/v2\/pages\/6428\/revisions\/26779"}],"wp:attachment":[{"href":"https:\/\/www.stmarysschoolpr.com\/en\/wp-json\/wp\/v2\/media?parent=6428"}],"curies":[{"name":"wp","href":"https:\/\/api.w.org\/{rel}","templated":true}]}}